{"id":67,"date":"2021-09-20T20:41:16","date_gmt":"2021-09-21T01:41:16","guid":{"rendered":"https:\/\/paraisoreal.com.co\/?post_type=product&#038;p=67"},"modified":"2025-12-10T23:38:58","modified_gmt":"2025-12-11T04:38:58","slug":"plancton-luminoso","status":"publish","type":"product","link":"https:\/\/wilisafrotour.com\/en\/producto\/plancton-luminoso\/","title":{"rendered":"Luminous Plankton"},"content":{"rendered":"<h3 data-adtags-visited=\"true\"><span style=\"color: #000000;\">Luminous plankton, the hidden natural wonder in Bar\u00fa<\/span><\/h3>\n<p data-adtags-visited=\"true\"><span style=\"color: #000000;\">Durante el d\u00eda, los visitantes pueden disfrutar la arena blanca y el agua cristalina del Mar Caribe, pero llegada la noche ocurre un fen\u00f3meno &#8220;<strong>Luminous plankton<\/strong>&#8221; casi \u00fanico que puede observarse en pocos lugares del globo, en el que el mar se ti\u00f1e de colores y formas que parecen ser de otro planeta.<\/span><\/p>\n<p data-adtags-visited=\"true\"><span style=\"color: #000000;\">The presence of an algae triggers a reaction that makes the water glow with unique hues at night<\/span><\/p>\n<p data-adtags-visited=\"true\"><span style=\"color: #000000;\">A short distance from Bar\u00fa is the archipelago of <strong>Rosario Islands,<\/strong> y cuenta con una particularidad, la presencia del denominado &#8220;<strong>Luminous plankton<\/strong>&#8221; que atrae la atenci\u00f3n de centenares de turistas por las noches.<\/span><\/p>\n<ul>\n<li data-adtags-visited=\"true\"><span style=\"color: #339966;\"><a style=\"color: #339966;\" href=\"https:\/\/wilisafrotour.com\/en\/producto\/tour-5-islas-del-rosario\/\">Day trip to the Rosario Islands + snorkel and plankton in a sports boat<\/a><\/span><\/li>\n<\/ul>\n<p data-adtags-visited=\"true\"><span style=\"color: #000000;\">The agglomeration of these plants forms a <strong>luminous plankton<\/strong> which is imperceptible under the sun's rays, but in the dark it causes bluish flashes that are activated by the natural movement of water.<\/span><\/p>\n<p data-adtags-visited=\"true\"><span style=\"color: #000000;\">El fen\u00f3meno ocurre por la presencia de un alga llamada Noctiluca scintillans, tambi\u00e9n conocida como &#8220;chispa de mar&#8221; que es la responsable de provocar estos destellos lum\u00ednicos.<\/span><\/p>\n<p data-adtags-visited=\"true\"><span style=\"color: #000000;\">Between 7:00 and 7:30 a.m., we will pick you up at the hotel in Bocagrande, Laguito, Castillo Grande or Cartagena Convention Center and, then, we will travel to the paradisiacal Playa Blanca in Bar\u00fa and return at 8:30 p.m.<\/span><\/p>\n<p data-adtags-visited=\"true\">Where we are going to go is called the Ci\u00e9naga de Portonaito. The conditions of the place make them see very clearly; It has a single entrance where the currents are very strong and push the plankton inside. It is surrounded by mangroves that produce more oxygen than any other tree; the maximum depth is between two and three meters, and the water temperature is between 27 and 30 degrees Celsius. All these conditions make us see so much plankton.<\/p>\n<p data-adtags-visited=\"true\"><span style=\"color: #000000;\"><strong>INCLUDES:<\/strong><\/span><\/p>\n<ul>\n<li data-adtags-visited=\"true\"><span style=\"color: #000000;\">Round trip transportation<\/span><\/li>\n<li data-adtags-visited=\"true\"><span style=\"color: #000000;\">Typical lunch<\/span><\/li>\n<li data-adtags-visited=\"true\"><span style=\"color: #000000;\">Tiempo playa<\/span><\/li>\n<li data-adtags-visited=\"true\"><span style=\"color: #000000;\">Hora plancton 6:30 pm<\/span><\/li>\n<li data-adtags-visited=\"true\"><span style=\"color: #000000;\">Snack<\/span><\/li>\n<\/ul>\n<p data-adtags-visited=\"true\"><span style=\"color: #000000;\"><strong>NOT INCLUDE:<\/strong><\/span><\/p>\n<ul>\n<li data-adtags-visited=\"true\"><span style=\"color: #000000;\">Snorkel<\/span><\/li>\n<li data-adtags-visited=\"true\"><span style=\"color: #000000;\">Carpas, sillas, camas<\/span><\/li>\n<li data-adtags-visited=\"true\"><span style=\"color: #000000;\">Additional drinks<\/span><\/li>\n<\/ul>\n<p data-adtags-visited=\"true\"><span style=\"color: #000000;\"><strong>BOOK YOUR SPACE NOW !!<\/strong><\/span><\/p>","protected":false},"excerpt":{"rendered":"<div class=\"woocommerce-product-details__short-description\">\n<p><span style=\"color: #000000;\">Esta actividad la puedes reservar con 50% el resto lo cancelas al momento de realizar la actividad o puedes realizar el pago completo.<\/span><\/p>\n<\/div>\n<form class=\"cart\" action=\"https:\/\/travelsporelcaribe.com\/producto\/atardecer-sibarita-master\/\" enctype=\"multipart\/form-data\" method=\"post\">\n<div class=\"quantity\"><\/div>\n<\/form>","protected":false},"featured_media":68,"comment_status":"open","ping_status":"closed","template":"","meta":{"_joinchat":[]},"product_brand":[],"product_cat":[54],"product_tag":[],"class_list":{"0":"post-67","1":"product","2":"type-product","3":"status-publish","4":"has-post-thumbnail","6":"product_cat-baru","8":"first","9":"instock","10":"virtual","11":"purchasable","12":"product-type-simple"},"yoast_head":"<!-- This site is optimized with the Yoast SEO plugin v27.3 - https:\/\/yoast.com\/product\/yoast-seo-wordpress\/ -->\n<title>Plancton Luminoso | Un alga provoca que el agua brille<\/title>\n<meta name=\"description\" content=\"Plancton luminoso, la maravilla natural escondida en Bar\u00fa, La presencia de un alga provoca una reacci\u00f3n que hace que el agua brille durante la noche\" \/>\n<meta name=\"robots\" content=\"index, follow, max-snippet:-1, max-image-preview:large, max-video-preview:-1\" \/>\n<link rel=\"canonical\" href=\"https:\/\/wilisafrotour.com\/en\/producto\/plancton-luminoso\/\" \/>\n<meta property=\"og:locale\" content=\"en_US\" \/>\n<meta property=\"og:type\" content=\"article\" \/>\n<meta property=\"og:title\" content=\"Plancton Luminoso | Un alga provoca que el agua brille\" \/>\n<meta property=\"og:description\" content=\"Plancton luminoso, la maravilla natural escondida en Bar\u00fa, La presencia de un alga provoca una reacci\u00f3n que hace que el agua brille durante la noche\" \/>\n<meta property=\"og:url\" content=\"https:\/\/wilisafrotour.com\/en\/producto\/plancton-luminoso\/\" \/>\n<meta property=\"og:site_name\" content=\"Wilis Afro Tour\" \/>\n<meta property=\"article:modified_time\" content=\"2025-12-11T04:38:58+00:00\" \/>\n<meta property=\"og:image\" content=\"https:\/\/wilisafrotour.com\/wp-content\/uploads\/2021\/09\/plancton-luminoso-en-cartagena.jpeg\" \/>\n\t<meta property=\"og:image:width\" content=\"624\" \/>\n\t<meta property=\"og:image:height\" content=\"351\" \/>\n\t<meta property=\"og:image:type\" content=\"image\/jpeg\" \/>\n<meta name=\"twitter:card\" content=\"summary_large_image\" \/>\n<meta name=\"twitter:label1\" content=\"Est. reading time\" \/>\n\t<meta name=\"twitter:data1\" content=\"2 minutes\" \/>\n<script type=\"application\/ld+json\" class=\"yoast-schema-graph\">{\"@context\":\"https:\\\/\\\/schema.org\",\"@graph\":[{\"@type\":\"WebPage\",\"@id\":\"https:\\\/\\\/wilisafrotour.com\\\/producto\\\/plancton-luminoso\\\/\",\"url\":\"https:\\\/\\\/wilisafrotour.com\\\/producto\\\/plancton-luminoso\\\/\",\"name\":\"Plancton Luminoso | Un alga provoca que el agua brille\",\"isPartOf\":{\"@id\":\"https:\\\/\\\/wilisafrotour.com\\\/#website\"},\"primaryImageOfPage\":{\"@id\":\"https:\\\/\\\/wilisafrotour.com\\\/producto\\\/plancton-luminoso\\\/#primaryimage\"},\"image\":{\"@id\":\"https:\\\/\\\/wilisafrotour.com\\\/producto\\\/plancton-luminoso\\\/#primaryimage\"},\"thumbnailUrl\":\"https:\\\/\\\/wilisafrotour.com\\\/wp-content\\\/uploads\\\/2021\\\/09\\\/plancton-luminoso-en-cartagena.jpeg\",\"datePublished\":\"2021-09-21T01:41:16+00:00\",\"dateModified\":\"2025-12-11T04:38:58+00:00\",\"description\":\"Plancton luminoso, la maravilla natural escondida en Bar\u00fa, La presencia de un alga provoca una reacci\u00f3n que hace que el agua brille durante la noche\",\"breadcrumb\":{\"@id\":\"https:\\\/\\\/wilisafrotour.com\\\/producto\\\/plancton-luminoso\\\/#breadcrumb\"},\"inLanguage\":\"en-US\",\"potentialAction\":[{\"@type\":\"ReadAction\",\"target\":[\"https:\\\/\\\/wilisafrotour.com\\\/producto\\\/plancton-luminoso\\\/\"]}]},{\"@type\":\"ImageObject\",\"inLanguage\":\"en-US\",\"@id\":\"https:\\\/\\\/wilisafrotour.com\\\/producto\\\/plancton-luminoso\\\/#primaryimage\",\"url\":\"https:\\\/\\\/wilisafrotour.com\\\/wp-content\\\/uploads\\\/2021\\\/09\\\/plancton-luminoso-en-cartagena.jpeg\",\"contentUrl\":\"https:\\\/\\\/wilisafrotour.com\\\/wp-content\\\/uploads\\\/2021\\\/09\\\/plancton-luminoso-en-cartagena.jpeg\",\"width\":624,\"height\":351,\"caption\":\"plancton luminoso en cartagena\"},{\"@type\":\"BreadcrumbList\",\"@id\":\"https:\\\/\\\/wilisafrotour.com\\\/producto\\\/plancton-luminoso\\\/#breadcrumb\",\"itemListElement\":[{\"@type\":\"ListItem\",\"position\":1,\"name\":\"Home\",\"item\":\"https:\\\/\\\/wilisafrotour.com\\\/\"},{\"@type\":\"ListItem\",\"position\":2,\"name\":\"Tienda\",\"item\":\"https:\\\/\\\/wilisafrotour.com\\\/tienda\\\/\"},{\"@type\":\"ListItem\",\"position\":3,\"name\":\"Plancton Luminoso\"}]},{\"@type\":\"WebSite\",\"@id\":\"https:\\\/\\\/wilisafrotour.com\\\/#website\",\"url\":\"https:\\\/\\\/wilisafrotour.com\\\/\",\"name\":\"Travels por el caribe\",\"description\":\"Agencia de turismo en Cartagena\",\"publisher\":{\"@id\":\"https:\\\/\\\/wilisafrotour.com\\\/#organization\"},\"potentialAction\":[{\"@type\":\"SearchAction\",\"target\":{\"@type\":\"EntryPoint\",\"urlTemplate\":\"https:\\\/\\\/wilisafrotour.com\\\/?s={search_term_string}\"},\"query-input\":{\"@type\":\"PropertyValueSpecification\",\"valueRequired\":true,\"valueName\":\"search_term_string\"}}],\"inLanguage\":\"en-US\"},{\"@type\":\"Organization\",\"@id\":\"https:\\\/\\\/wilisafrotour.com\\\/#organization\",\"name\":\"Travels por el caribe\",\"url\":\"https:\\\/\\\/wilisafrotour.com\\\/\",\"logo\":{\"@type\":\"ImageObject\",\"inLanguage\":\"en-US\",\"@id\":\"https:\\\/\\\/wilisafrotour.com\\\/#\\\/schema\\\/logo\\\/image\\\/\",\"url\":\"https:\\\/\\\/wilisafrotour.com\\\/wp-content\\\/uploads\\\/2025\\\/06\\\/LOGO-WILIS-TOUR-1.jpg\",\"contentUrl\":\"https:\\\/\\\/wilisafrotour.com\\\/wp-content\\\/uploads\\\/2025\\\/06\\\/LOGO-WILIS-TOUR-1.jpg\",\"width\":150,\"height\":150,\"caption\":\"Travels por el caribe\"},\"image\":{\"@id\":\"https:\\\/\\\/wilisafrotour.com\\\/#\\\/schema\\\/logo\\\/image\\\/\"}}]}<\/script>\n<!-- \/ Yoast SEO plugin. -->","yoast_head_json":{"title":"Plancton Luminoso | Un alga provoca que el agua brille","description":"Plancton luminoso, la maravilla natural escondida en Bar\u00fa, La presencia de un alga provoca una reacci\u00f3n que hace que el agua brille durante la noche","robots":{"index":"index","follow":"follow","max-snippet":"max-snippet:-1","max-image-preview":"max-image-preview:large","max-video-preview":"max-video-preview:-1"},"canonical":"https:\/\/wilisafrotour.com\/en\/producto\/plancton-luminoso\/","og_locale":"en_US","og_type":"article","og_title":"Plancton Luminoso | Un alga provoca que el agua brille","og_description":"Plancton luminoso, la maravilla natural escondida en Bar\u00fa, La presencia de un alga provoca una reacci\u00f3n que hace que el agua brille durante la noche","og_url":"https:\/\/wilisafrotour.com\/en\/producto\/plancton-luminoso\/","og_site_name":"Wilis Afro Tour","article_modified_time":"2025-12-11T04:38:58+00:00","og_image":[{"width":624,"height":351,"url":"https:\/\/wilisafrotour.com\/wp-content\/uploads\/2021\/09\/plancton-luminoso-en-cartagena.jpeg","type":"image\/jpeg"}],"twitter_card":"summary_large_image","twitter_misc":{"Est. reading time":"2 minutes"},"schema":{"@context":"https:\/\/schema.org","@graph":[{"@type":"WebPage","@id":"https:\/\/wilisafrotour.com\/producto\/plancton-luminoso\/","url":"https:\/\/wilisafrotour.com\/producto\/plancton-luminoso\/","name":"Plancton Luminoso | Un alga provoca que el agua brille","isPartOf":{"@id":"https:\/\/wilisafrotour.com\/#website"},"primaryImageOfPage":{"@id":"https:\/\/wilisafrotour.com\/producto\/plancton-luminoso\/#primaryimage"},"image":{"@id":"https:\/\/wilisafrotour.com\/producto\/plancton-luminoso\/#primaryimage"},"thumbnailUrl":"https:\/\/wilisafrotour.com\/wp-content\/uploads\/2021\/09\/plancton-luminoso-en-cartagena.jpeg","datePublished":"2021-09-21T01:41:16+00:00","dateModified":"2025-12-11T04:38:58+00:00","description":"Plancton luminoso, la maravilla natural escondida en Bar\u00fa, La presencia de un alga provoca una reacci\u00f3n que hace que el agua brille durante la noche","breadcrumb":{"@id":"https:\/\/wilisafrotour.com\/producto\/plancton-luminoso\/#breadcrumb"},"inLanguage":"en-US","potentialAction":[{"@type":"ReadAction","target":["https:\/\/wilisafrotour.com\/producto\/plancton-luminoso\/"]}]},{"@type":"ImageObject","inLanguage":"en-US","@id":"https:\/\/wilisafrotour.com\/producto\/plancton-luminoso\/#primaryimage","url":"https:\/\/wilisafrotour.com\/wp-content\/uploads\/2021\/09\/plancton-luminoso-en-cartagena.jpeg","contentUrl":"https:\/\/wilisafrotour.com\/wp-content\/uploads\/2021\/09\/plancton-luminoso-en-cartagena.jpeg","width":624,"height":351,"caption":"plancton luminoso en cartagena"},{"@type":"BreadcrumbList","@id":"https:\/\/wilisafrotour.com\/producto\/plancton-luminoso\/#breadcrumb","itemListElement":[{"@type":"ListItem","position":1,"name":"Home","item":"https:\/\/wilisafrotour.com\/"},{"@type":"ListItem","position":2,"name":"Tienda","item":"https:\/\/wilisafrotour.com\/tienda\/"},{"@type":"ListItem","position":3,"name":"Plancton Luminoso"}]},{"@type":"WebSite","@id":"https:\/\/wilisafrotour.com\/#website","url":"https:\/\/wilisafrotour.com\/","name":"Travels por el caribe","description":"Tourism agency in Cartagena","publisher":{"@id":"https:\/\/wilisafrotour.com\/#organization"},"potentialAction":[{"@type":"SearchAction","target":{"@type":"EntryPoint","urlTemplate":"https:\/\/wilisafrotour.com\/?s={search_term_string}"},"query-input":{"@type":"PropertyValueSpecification","valueRequired":true,"valueName":"search_term_string"}}],"inLanguage":"en-US"},{"@type":"Organization","@id":"https:\/\/wilisafrotour.com\/#organization","name":"Travels por el caribe","url":"https:\/\/wilisafrotour.com\/","logo":{"@type":"ImageObject","inLanguage":"en-US","@id":"https:\/\/wilisafrotour.com\/#\/schema\/logo\/image\/","url":"https:\/\/wilisafrotour.com\/wp-content\/uploads\/2025\/06\/LOGO-WILIS-TOUR-1.jpg","contentUrl":"https:\/\/wilisafrotour.com\/wp-content\/uploads\/2025\/06\/LOGO-WILIS-TOUR-1.jpg","width":150,"height":150,"caption":"Travels por el caribe"},"image":{"@id":"https:\/\/wilisafrotour.com\/#\/schema\/logo\/image\/"}}]}},"_links":{"self":[{"href":"https:\/\/wilisafrotour.com\/en\/wp-json\/wp\/v2\/product\/67","targetHints":{"allow":["GET"]}}],"collection":[{"href":"https:\/\/wilisafrotour.com\/en\/wp-json\/wp\/v2\/product"}],"about":[{"href":"https:\/\/wilisafrotour.com\/en\/wp-json\/wp\/v2\/types\/product"}],"replies":[{"embeddable":true,"href":"https:\/\/wilisafrotour.com\/en\/wp-json\/wp\/v2\/comments?post=67"}],"wp:featuredmedia":[{"embeddable":true,"href":"https:\/\/wilisafrotour.com\/en\/wp-json\/wp\/v2\/media\/68"}],"wp:attachment":[{"href":"https:\/\/wilisafrotour.com\/en\/wp-json\/wp\/v2\/media?parent=67"}],"wp:term":[{"taxonomy":"product_brand","embeddable":true,"href":"https:\/\/wilisafrotour.com\/en\/wp-json\/wp\/v2\/product_brand?post=67"},{"taxonomy":"product_cat","embeddable":true,"href":"https:\/\/wilisafrotour.com\/en\/wp-json\/wp\/v2\/product_cat?post=67"},{"taxonomy":"product_tag","embeddable":true,"href":"https:\/\/wilisafrotour.com\/en\/wp-json\/wp\/v2\/product_tag?post=67"}],"curies":[{"name":"wp","href":"https:\/\/api.w.org\/{rel}","templated":true}]}}