{"id":40,"date":"2021-09-20T17:18:11","date_gmt":"2021-09-20T22:18:11","guid":{"rendered":"https:\/\/paraisoreal.com.co\/?post_type=product&#038;p=40"},"modified":"2025-12-10T20:24:13","modified_gmt":"2025-12-11T01:24:13","slug":"cena-noche-blanca","status":"publish","type":"product","link":"https:\/\/wilisafrotour.com\/en\/producto\/cena-noche-blanca\/","title":{"rendered":"White Night Dinner"},"content":{"rendered":"<div class=\"a-text--first-content _for-copy-large l-hide-for-large\">\n<p><span style=\"color: #000000;\"><strong>White Night<\/strong> in this boat you will enjoy a delicious <strong>dinner in the bay of Cartagena<\/strong>. When night falls and the city is dressed in lights, the ideal environment is created for a <strong>Dinner<\/strong> unforgettable.<\/span><\/p>\n<p><span style=\"color: #000000;\">We will leave from the\u00a0<strong>Bodeguita pier<\/strong>, next to the historic center of Cartagena.<\/span><\/p>\n<p><span style=\"color: #000000;\">During the three hours of <strong>White Night<\/strong> we will enjoy on board the boat Bequ\u00eda the landscape of the <strong>Cartagena bay<\/strong>. Accompanied by the best music, you will taste a <strong>Buffet dinner<\/strong><\/span><\/p>\n<p class=\"new-fading-text__hidden-element\"><span style=\"color: #000000;\">The walk will take us to BocaGrande, where the <strong>bay<\/strong> joins the Caribbean Sea. From here you will have the best views of the city and you can admire the lights of the skyscrapers and the <strong>historic center of Cartagena<\/strong>. The ideal setting for a\u00a0<strong>romantic dinner!<\/strong><\/span><\/p>\n<ul>\n<li><span style=\"color: #339966;\"><a style=\"color: #339966;\" href=\"https:\/\/wilisafrotour.com\/en\/categoria-producto\/alquiler-de-botes-deportivos-en-cartagena\/\">Private sports boat rental for celebrations and night tour of the bay<\/a><\/span><\/li>\n<\/ul>\n<p><span style=\"color: #000000;\">The purpose of the <strong>White Night<\/strong>, whose name is given when it is held after sunset, is to bring contemporary artistic creation closer to citizens. The common goals of all the cities that organize <strong>White Nights<\/strong> They are: gratuity, avant-garde, citizenship and sustainability. In addition, the exchange of experiences with the development of joint programs is encouraged.<\/span><\/p>\n<p class=\"new-fading-text__hidden-element\"><span style=\"color: #000000;\">As we navigate the <strong>bay back to Cartagena<\/strong>, you can contemplate the night landscape or dance to the rhythm of the music to say goodbye to the night in style.<\/span><\/p>\n<\/div>\n<p><span style=\"color: #000000;\">Enjoy a magical and wonderful experience\u00a0<strong>dining and partying<\/strong>\u00a0under the stars of the sky\u00a0<strong>Cartagenero<\/strong>.<\/span><\/p>\n<p><span style=\"color: #000000;\"><strong>3 hours of travel. Approx.<\/strong><\/span><\/p>\n<p><span style=\"color: #000000;\"><strong>INCLUDES:<\/strong><\/span><\/p>\n<ul>\n<li><span style=\"color: #000000;\">Night out by the <strong>Cartagena Bay.<\/strong><\/span><\/li>\n<li><span style=\"color: #000000;\">Open bar of National liquors and cocktails without cream<\/span><\/li>\n<li><span style=\"color: #000000;\"><strong>Buffet Dinner<\/strong>, includes seafood and other meats.<\/span><\/li>\n<li><span style=\"color: #000000;\">DJ, recreationist, dancers, rumba and surprise prizes.<\/span><\/li>\n<\/ul>\n<p><span style=\"color: #000000;\"><strong>NOT INCLUDE:<\/strong><\/span><\/p>\n<ul>\n<li><span style=\"color: #000000;\">Impuestos de muelle<\/span><\/li>\n<\/ul>\n<p><span style=\"color: #000000;\">Departures\u00a0<strong>lunes a domingo<\/strong> desde el <span style=\"color: #339966;\"><a style=\"color: #339966;\" href=\"https:\/\/goo.gl\/maps\/hoVWNEd35uxztf2H7\">muelle de La Bodeguita<\/a><\/span> de 07:30 PM a 11:00 PM<\/span><\/p>\n<h5><span style=\"color: #000000;\"><strong>RECOMMENDATIONS<\/strong><\/span><\/h5>\n<ul>\n<li><span style=\"color: #000000;\">Punctuality, comfortable clothing (It is recommended to wear white clothes), hydrate a lot.<\/span><\/li>\n<\/ul>\n<p><span style=\"color: #000000;\"><strong>BOOK YOUR SPACE NOW !!<\/strong><\/span><\/p>","protected":false},"excerpt":{"rendered":"<p><span style=\"color: #000000;\">Esta actividad la puedes reservar con 50% el resto lo cancelas al momento de realizar la actividad o puedes realizar el pago completo.<\/span><\/p>","protected":false},"featured_media":573,"comment_status":"open","ping_status":"closed","template":"","meta":{"_joinchat":[]},"product_brand":[],"product_cat":[15,53],"product_tag":[],"class_list":{"0":"post-40","1":"product","2":"type-product","3":"status-publish","4":"has-post-thumbnail","6":"product_cat-sitios-turisticos-de-cartagena","7":"product_cat-cartagena","9":"first","10":"instock","11":"virtual","12":"purchasable","13":"product-type-simple"},"yoast_head":"<!-- This site is optimized with the Yoast SEO plugin v27.3 - https:\/\/yoast.com\/product\/yoast-seo-wordpress\/ -->\n<title>Noche Blanca en Cartagena | Cena por la bahia | Barco Bequia<\/title>\n<meta name=\"description\" content=\"Noche Blanca en este Barco disfrutar\u00e1s de una deliciosa cena en la bah\u00eda de Cartagena. Durante el tour Noche Blanca disfrutaremos a bordo del barco Bequ\u00eda\" \/>\n<meta name=\"robots\" content=\"index, follow, max-snippet:-1, max-image-preview:large, max-video-preview:-1\" \/>\n<link rel=\"canonical\" href=\"https:\/\/wilisafrotour.com\/en\/producto\/cena-noche-blanca\/\" \/>\n<meta property=\"og:locale\" content=\"en_US\" \/>\n<meta property=\"og:type\" content=\"article\" \/>\n<meta property=\"og:title\" content=\"Noche Blanca en Cartagena | Cena por la bahia | Barco Bequia\" \/>\n<meta property=\"og:description\" content=\"Noche Blanca en este Barco disfrutar\u00e1s de una deliciosa cena en la bah\u00eda de Cartagena. Durante el tour Noche Blanca disfrutaremos a bordo del barco Bequ\u00eda\" \/>\n<meta property=\"og:url\" content=\"https:\/\/wilisafrotour.com\/en\/producto\/cena-noche-blanca\/\" \/>\n<meta property=\"og:site_name\" content=\"Wilis Afro Tour\" \/>\n<meta property=\"article:modified_time\" content=\"2025-12-11T01:24:13+00:00\" \/>\n<meta property=\"og:image\" content=\"https:\/\/wilisafrotour.com\/wp-content\/uploads\/2021\/10\/Noche-Blanca-en-Cartagena.png\" \/>\n\t<meta property=\"og:image:width\" content=\"966\" \/>\n\t<meta property=\"og:image:height\" content=\"537\" \/>\n\t<meta property=\"og:image:type\" content=\"image\/png\" \/>\n<meta name=\"twitter:card\" content=\"summary_large_image\" \/>\n<meta name=\"twitter:label1\" content=\"Est. reading time\" \/>\n\t<meta name=\"twitter:data1\" content=\"2 minutes\" \/>\n<script type=\"application\/ld+json\" class=\"yoast-schema-graph\">{\"@context\":\"https:\\\/\\\/schema.org\",\"@graph\":[{\"@type\":\"WebPage\",\"@id\":\"https:\\\/\\\/wilisafrotour.com\\\/producto\\\/cena-noche-blanca\\\/\",\"url\":\"https:\\\/\\\/wilisafrotour.com\\\/producto\\\/cena-noche-blanca\\\/\",\"name\":\"Noche Blanca en Cartagena | Cena por la bahia | Barco Bequia\",\"isPartOf\":{\"@id\":\"https:\\\/\\\/wilisafrotour.com\\\/#website\"},\"primaryImageOfPage\":{\"@id\":\"https:\\\/\\\/wilisafrotour.com\\\/producto\\\/cena-noche-blanca\\\/#primaryimage\"},\"image\":{\"@id\":\"https:\\\/\\\/wilisafrotour.com\\\/producto\\\/cena-noche-blanca\\\/#primaryimage\"},\"thumbnailUrl\":\"https:\\\/\\\/wilisafrotour.com\\\/wp-content\\\/uploads\\\/2021\\\/10\\\/Noche-Blanca-en-Cartagena.png\",\"datePublished\":\"2021-09-20T22:18:11+00:00\",\"dateModified\":\"2025-12-11T01:24:13+00:00\",\"description\":\"Noche Blanca en este Barco disfrutar\u00e1s de una deliciosa cena en la bah\u00eda de Cartagena. Durante el tour Noche Blanca disfrutaremos a bordo del barco Bequ\u00eda\",\"breadcrumb\":{\"@id\":\"https:\\\/\\\/wilisafrotour.com\\\/producto\\\/cena-noche-blanca\\\/#breadcrumb\"},\"inLanguage\":\"en-US\",\"potentialAction\":[{\"@type\":\"ReadAction\",\"target\":[\"https:\\\/\\\/wilisafrotour.com\\\/producto\\\/cena-noche-blanca\\\/\"]}]},{\"@type\":\"ImageObject\",\"inLanguage\":\"en-US\",\"@id\":\"https:\\\/\\\/wilisafrotour.com\\\/producto\\\/cena-noche-blanca\\\/#primaryimage\",\"url\":\"https:\\\/\\\/wilisafrotour.com\\\/wp-content\\\/uploads\\\/2021\\\/10\\\/Noche-Blanca-en-Cartagena.png\",\"contentUrl\":\"https:\\\/\\\/wilisafrotour.com\\\/wp-content\\\/uploads\\\/2021\\\/10\\\/Noche-Blanca-en-Cartagena.png\",\"width\":966,\"height\":537,\"caption\":\"Noche Blanca en Cartagena\"},{\"@type\":\"BreadcrumbList\",\"@id\":\"https:\\\/\\\/wilisafrotour.com\\\/producto\\\/cena-noche-blanca\\\/#breadcrumb\",\"itemListElement\":[{\"@type\":\"ListItem\",\"position\":1,\"name\":\"Home\",\"item\":\"https:\\\/\\\/wilisafrotour.com\\\/\"},{\"@type\":\"ListItem\",\"position\":2,\"name\":\"Tienda\",\"item\":\"https:\\\/\\\/wilisafrotour.com\\\/tienda\\\/\"},{\"@type\":\"ListItem\",\"position\":3,\"name\":\"Cena Noche Blanca\"}]},{\"@type\":\"WebSite\",\"@id\":\"https:\\\/\\\/wilisafrotour.com\\\/#website\",\"url\":\"https:\\\/\\\/wilisafrotour.com\\\/\",\"name\":\"Travels por el caribe\",\"description\":\"Agencia de turismo en Cartagena\",\"publisher\":{\"@id\":\"https:\\\/\\\/wilisafrotour.com\\\/#organization\"},\"potentialAction\":[{\"@type\":\"SearchAction\",\"target\":{\"@type\":\"EntryPoint\",\"urlTemplate\":\"https:\\\/\\\/wilisafrotour.com\\\/?s={search_term_string}\"},\"query-input\":{\"@type\":\"PropertyValueSpecification\",\"valueRequired\":true,\"valueName\":\"search_term_string\"}}],\"inLanguage\":\"en-US\"},{\"@type\":\"Organization\",\"@id\":\"https:\\\/\\\/wilisafrotour.com\\\/#organization\",\"name\":\"Travels por el caribe\",\"url\":\"https:\\\/\\\/wilisafrotour.com\\\/\",\"logo\":{\"@type\":\"ImageObject\",\"inLanguage\":\"en-US\",\"@id\":\"https:\\\/\\\/wilisafrotour.com\\\/#\\\/schema\\\/logo\\\/image\\\/\",\"url\":\"https:\\\/\\\/wilisafrotour.com\\\/wp-content\\\/uploads\\\/2025\\\/06\\\/LOGO-WILIS-TOUR-1.jpg\",\"contentUrl\":\"https:\\\/\\\/wilisafrotour.com\\\/wp-content\\\/uploads\\\/2025\\\/06\\\/LOGO-WILIS-TOUR-1.jpg\",\"width\":150,\"height\":150,\"caption\":\"Travels por el caribe\"},\"image\":{\"@id\":\"https:\\\/\\\/wilisafrotour.com\\\/#\\\/schema\\\/logo\\\/image\\\/\"}}]}<\/script>\n<!-- \/ Yoast SEO plugin. -->","yoast_head_json":{"title":"Noche Blanca en Cartagena | Cena por la bahia | Barco Bequia","description":"Noche Blanca en este Barco disfrutar\u00e1s de una deliciosa cena en la bah\u00eda de Cartagena. Durante el tour Noche Blanca disfrutaremos a bordo del barco Bequ\u00eda","robots":{"index":"index","follow":"follow","max-snippet":"max-snippet:-1","max-image-preview":"max-image-preview:large","max-video-preview":"max-video-preview:-1"},"canonical":"https:\/\/wilisafrotour.com\/en\/producto\/cena-noche-blanca\/","og_locale":"en_US","og_type":"article","og_title":"Noche Blanca en Cartagena | Cena por la bahia | Barco Bequia","og_description":"Noche Blanca en este Barco disfrutar\u00e1s de una deliciosa cena en la bah\u00eda de Cartagena. Durante el tour Noche Blanca disfrutaremos a bordo del barco Bequ\u00eda","og_url":"https:\/\/wilisafrotour.com\/en\/producto\/cena-noche-blanca\/","og_site_name":"Wilis Afro Tour","article_modified_time":"2025-12-11T01:24:13+00:00","og_image":[{"width":966,"height":537,"url":"https:\/\/wilisafrotour.com\/wp-content\/uploads\/2021\/10\/Noche-Blanca-en-Cartagena.png","type":"image\/png"}],"twitter_card":"summary_large_image","twitter_misc":{"Est. reading time":"2 minutes"},"schema":{"@context":"https:\/\/schema.org","@graph":[{"@type":"WebPage","@id":"https:\/\/wilisafrotour.com\/producto\/cena-noche-blanca\/","url":"https:\/\/wilisafrotour.com\/producto\/cena-noche-blanca\/","name":"Noche Blanca en Cartagena | Cena por la bahia | Barco Bequia","isPartOf":{"@id":"https:\/\/wilisafrotour.com\/#website"},"primaryImageOfPage":{"@id":"https:\/\/wilisafrotour.com\/producto\/cena-noche-blanca\/#primaryimage"},"image":{"@id":"https:\/\/wilisafrotour.com\/producto\/cena-noche-blanca\/#primaryimage"},"thumbnailUrl":"https:\/\/wilisafrotour.com\/wp-content\/uploads\/2021\/10\/Noche-Blanca-en-Cartagena.png","datePublished":"2021-09-20T22:18:11+00:00","dateModified":"2025-12-11T01:24:13+00:00","description":"Noche Blanca en este Barco disfrutar\u00e1s de una deliciosa cena en la bah\u00eda de Cartagena. Durante el tour Noche Blanca disfrutaremos a bordo del barco Bequ\u00eda","breadcrumb":{"@id":"https:\/\/wilisafrotour.com\/producto\/cena-noche-blanca\/#breadcrumb"},"inLanguage":"en-US","potentialAction":[{"@type":"ReadAction","target":["https:\/\/wilisafrotour.com\/producto\/cena-noche-blanca\/"]}]},{"@type":"ImageObject","inLanguage":"en-US","@id":"https:\/\/wilisafrotour.com\/producto\/cena-noche-blanca\/#primaryimage","url":"https:\/\/wilisafrotour.com\/wp-content\/uploads\/2021\/10\/Noche-Blanca-en-Cartagena.png","contentUrl":"https:\/\/wilisafrotour.com\/wp-content\/uploads\/2021\/10\/Noche-Blanca-en-Cartagena.png","width":966,"height":537,"caption":"Noche Blanca en Cartagena"},{"@type":"BreadcrumbList","@id":"https:\/\/wilisafrotour.com\/producto\/cena-noche-blanca\/#breadcrumb","itemListElement":[{"@type":"ListItem","position":1,"name":"Home","item":"https:\/\/wilisafrotour.com\/"},{"@type":"ListItem","position":2,"name":"Tienda","item":"https:\/\/wilisafrotour.com\/tienda\/"},{"@type":"ListItem","position":3,"name":"Cena Noche Blanca"}]},{"@type":"WebSite","@id":"https:\/\/wilisafrotour.com\/#website","url":"https:\/\/wilisafrotour.com\/","name":"Travels por el caribe","description":"Tourism agency in Cartagena","publisher":{"@id":"https:\/\/wilisafrotour.com\/#organization"},"potentialAction":[{"@type":"SearchAction","target":{"@type":"EntryPoint","urlTemplate":"https:\/\/wilisafrotour.com\/?s={search_term_string}"},"query-input":{"@type":"PropertyValueSpecification","valueRequired":true,"valueName":"search_term_string"}}],"inLanguage":"en-US"},{"@type":"Organization","@id":"https:\/\/wilisafrotour.com\/#organization","name":"Travels por el caribe","url":"https:\/\/wilisafrotour.com\/","logo":{"@type":"ImageObject","inLanguage":"en-US","@id":"https:\/\/wilisafrotour.com\/#\/schema\/logo\/image\/","url":"https:\/\/wilisafrotour.com\/wp-content\/uploads\/2025\/06\/LOGO-WILIS-TOUR-1.jpg","contentUrl":"https:\/\/wilisafrotour.com\/wp-content\/uploads\/2025\/06\/LOGO-WILIS-TOUR-1.jpg","width":150,"height":150,"caption":"Travels por el caribe"},"image":{"@id":"https:\/\/wilisafrotour.com\/#\/schema\/logo\/image\/"}}]}},"_links":{"self":[{"href":"https:\/\/wilisafrotour.com\/en\/wp-json\/wp\/v2\/product\/40","targetHints":{"allow":["GET"]}}],"collection":[{"href":"https:\/\/wilisafrotour.com\/en\/wp-json\/wp\/v2\/product"}],"about":[{"href":"https:\/\/wilisafrotour.com\/en\/wp-json\/wp\/v2\/types\/product"}],"replies":[{"embeddable":true,"href":"https:\/\/wilisafrotour.com\/en\/wp-json\/wp\/v2\/comments?post=40"}],"wp:featuredmedia":[{"embeddable":true,"href":"https:\/\/wilisafrotour.com\/en\/wp-json\/wp\/v2\/media\/573"}],"wp:attachment":[{"href":"https:\/\/wilisafrotour.com\/en\/wp-json\/wp\/v2\/media?parent=40"}],"wp:term":[{"taxonomy":"product_brand","embeddable":true,"href":"https:\/\/wilisafrotour.com\/en\/wp-json\/wp\/v2\/product_brand?post=40"},{"taxonomy":"product_cat","embeddable":true,"href":"https:\/\/wilisafrotour.com\/en\/wp-json\/wp\/v2\/product_cat?post=40"},{"taxonomy":"product_tag","embeddable":true,"href":"https:\/\/wilisafrotour.com\/en\/wp-json\/wp\/v2\/product_tag?post=40"}],"curies":[{"name":"wp","href":"https:\/\/api.w.org\/{rel}","templated":true}]}}