{"id":151,"date":"2021-09-25T09:46:11","date_gmt":"2021-09-25T14:46:11","guid":{"rendered":"https:\/\/paraisoreal.com.co\/?post_type=product&#038;p=151"},"modified":"2025-12-10T23:40:30","modified_gmt":"2025-12-11T04:40:30","slug":"isla-cholon","status":"publish","type":"product","link":"https:\/\/wilisafrotour.com\/en\/producto\/isla-cholon\/","title":{"rendered":"Cholon Island"},"content":{"rendered":"<p><span style=\"color: #000000;\"><strong>Chol\u00f3n<\/strong> has channels through the mangrove, a natural adventure. A few meters outside the cove, the largest coral reef in Colombia begins, which makes it more attractive to foreigners who enjoy diving, snorkeling and other water sports.<\/span><\/p>\n<ul>\n<li><span style=\"color: #339966;\"><a style=\"color: #339966;\" href=\"https:\/\/wilisafrotour.com\/en\/categoria-producto\/botes\/\">Private boat rental for trips to chol\u00f3n, come with your friends\u00a0<\/a><\/span><\/li>\n<\/ul>\n<p><span style=\"color: #000000;\">The beach <strong>Chol\u00f3n<\/strong>, a few minutes from<strong> Isleta Azul<\/strong> (one of the islets that make up the <strong>Rosario Islands<\/strong>), perhaps the most famous and preferred of Cartagena and tourists who arrive on yachts, boats and sailboats, to party without leaving the sea and to admire the sunset that is imposed in the middle of the vegetation, and the nature that surrounds this island. Beautiful palm trees and dry palm huts form a beautiful landscape on this beach, the beauty of which lies in its calm, shallow blue waters and white sands.<\/span><\/p>\n<h5><span style=\"color: #000000;\">Reasons why you should go to Chol\u00f3n<\/span><\/h5>\n<ol>\n<li><span style=\"color: #000000;\">Know the beauty of its sea<\/span><\/li>\n<li><span style=\"color: #000000;\">The boat ride is very attractive because of the history you find coming out of <strong>Cartagena<\/strong>, and the vegetation that you see arriving at the islets of the Rosario Islands<\/span><\/li>\n<li><span style=\"color: #000000;\">The proximity to the city, if you take a speedboat<\/span><\/li>\n<li><span style=\"color: #000000;\">You can enjoy a good typical dish, in the sea<\/span><\/li>\n<li><span style=\"color: #000000;\">it is the perfect place to anchor the boat and start the party in the light of the sun and the sea breeze<\/span><\/li>\n<li><span style=\"color: #000000;\">You know people who are on other boats<\/span><\/li>\n<li><span style=\"color: #000000;\">You know a large part of the islands that make up the<strong> National Natural Park Corals of Rosario and San Bernardo<\/strong><\/span><\/li>\n<li><span style=\"color: #000000;\">The best place to celebrate a special date with friends, especially if they come from abroad<\/span><\/li>\n<\/ol>\n<p><span style=\"color: #000000;\"><strong>INCLUDES:<\/strong><\/span><\/p>\n<ul>\n<li><span style=\"color: #000000;\">Hotel pickup<\/span><\/li>\n<li>Sports boat<\/li>\n<li>Full crossover music<\/li>\n<li><strong>Rosario Islands<\/strong> (Rumba time in the <strong>little pool<\/strong>)<\/li>\n<li><span style=\"color: #000000;\"><strong>Chol\u00f3n island<\/strong><\/span><\/li>\n<li><span style=\"color: #000000;\">Almuerzo t\u00edpico caribe\u00f1o<\/span><\/li>\n<li>2 Welcome drinks (Options: Beer, water or soda)<\/li>\n<li>Dock tax<\/li>\n<li><span style=\"color: #000000;\">Guide<\/span><\/li>\n<\/ul>\n<p><span style=\"color: #000000;\"><strong>NOT INCLUDE:<\/strong><\/span><\/p>\n<ul>\n<li><span style=\"color: #000000;\">Food or drink not specified in the plan<\/span><\/li>\n<\/ul>\n<p><span style=\"color: #000000;\"><strong>BOOK YOUR SPACE NOW !!<\/strong><\/span><\/p>","protected":false},"excerpt":{"rendered":"<p><span style=\"color: #000000;\">You can book with 30%, the rest you cancel at the time of the activity using this coupon (\u00a0<span style=\"color: #ff6600;\">Reserva\u00a0<\/span>).<\/span><\/p>","protected":false},"featured_media":153,"comment_status":"open","ping_status":"closed","template":"","meta":{"_joinchat":[]},"product_brand":[],"product_cat":[18,49],"product_tag":[],"class_list":{"0":"post-151","1":"product","2":"type-product","3":"status-publish","4":"has-post-thumbnail","6":"product_cat-islas-del-rosario","7":"product_cat-islas-del-rosario-2","9":"first","10":"instock","11":"virtual","12":"purchasable","13":"product-type-simple"},"yoast_head":"<!-- This site is optimized with the Yoast SEO plugin v27.3 - https:\/\/yoast.com\/product\/yoast-seo-wordpress\/ -->\n<title>Chol\u00f3n isla baru | en bote deportivo | salidas todos los dias<\/title>\n<meta name=\"description\" content=\"Pasadias a chol\u00f3n en bote deportivo. Disfrutas de las mejor fiestas en el pasadia a chol\u00f3n vive una experiencia unica en embarcaciones de lujo\" \/>\n<meta name=\"robots\" content=\"index, follow, max-snippet:-1, max-image-preview:large, max-video-preview:-1\" \/>\n<link rel=\"canonical\" href=\"https:\/\/wilisafrotour.com\/en\/producto\/isla-cholon\/\" \/>\n<meta property=\"og:locale\" content=\"en_US\" \/>\n<meta property=\"og:type\" content=\"article\" \/>\n<meta property=\"og:title\" content=\"Chol\u00f3n isla baru | en bote deportivo | salidas todos los dias\" \/>\n<meta property=\"og:description\" content=\"Pasadias a chol\u00f3n en bote deportivo. Disfrutas de las mejor fiestas en el pasadia a chol\u00f3n vive una experiencia unica en embarcaciones de lujo\" \/>\n<meta property=\"og:url\" content=\"https:\/\/wilisafrotour.com\/en\/producto\/isla-cholon\/\" \/>\n<meta property=\"og:site_name\" content=\"Wilis Afro Tour\" \/>\n<meta property=\"article:modified_time\" content=\"2025-12-11T04:40:30+00:00\" \/>\n<meta property=\"og:image\" content=\"https:\/\/wilisafrotour.com\/wp-content\/uploads\/2021\/09\/Cholon-islas-del-rosario.png\" \/>\n\t<meta property=\"og:image:width\" content=\"679\" \/>\n\t<meta property=\"og:image:height\" content=\"504\" \/>\n\t<meta property=\"og:image:type\" content=\"image\/png\" \/>\n<meta name=\"twitter:card\" content=\"summary_large_image\" \/>\n<meta name=\"twitter:label1\" content=\"Est. reading time\" \/>\n\t<meta name=\"twitter:data1\" content=\"2 minutes\" \/>\n<script type=\"application\/ld+json\" class=\"yoast-schema-graph\">{\"@context\":\"https:\\\/\\\/schema.org\",\"@graph\":[{\"@type\":\"WebPage\",\"@id\":\"https:\\\/\\\/wilisafrotour.com\\\/producto\\\/isla-cholon\\\/\",\"url\":\"https:\\\/\\\/wilisafrotour.com\\\/producto\\\/isla-cholon\\\/\",\"name\":\"Chol\u00f3n isla baru | en bote deportivo | salidas todos los dias\",\"isPartOf\":{\"@id\":\"https:\\\/\\\/wilisafrotour.com\\\/#website\"},\"primaryImageOfPage\":{\"@id\":\"https:\\\/\\\/wilisafrotour.com\\\/producto\\\/isla-cholon\\\/#primaryimage\"},\"image\":{\"@id\":\"https:\\\/\\\/wilisafrotour.com\\\/producto\\\/isla-cholon\\\/#primaryimage\"},\"thumbnailUrl\":\"https:\\\/\\\/wilisafrotour.com\\\/wp-content\\\/uploads\\\/2021\\\/09\\\/Cholon-islas-del-rosario.png\",\"datePublished\":\"2021-09-25T14:46:11+00:00\",\"dateModified\":\"2025-12-11T04:40:30+00:00\",\"description\":\"Pasadias a chol\u00f3n en bote deportivo. Disfrutas de las mejor fiestas en el pasadia a chol\u00f3n vive una experiencia unica en embarcaciones de lujo\",\"breadcrumb\":{\"@id\":\"https:\\\/\\\/wilisafrotour.com\\\/producto\\\/isla-cholon\\\/#breadcrumb\"},\"inLanguage\":\"en-US\",\"potentialAction\":[{\"@type\":\"ReadAction\",\"target\":[\"https:\\\/\\\/wilisafrotour.com\\\/producto\\\/isla-cholon\\\/\"]}]},{\"@type\":\"ImageObject\",\"inLanguage\":\"en-US\",\"@id\":\"https:\\\/\\\/wilisafrotour.com\\\/producto\\\/isla-cholon\\\/#primaryimage\",\"url\":\"https:\\\/\\\/wilisafrotour.com\\\/wp-content\\\/uploads\\\/2021\\\/09\\\/Cholon-islas-del-rosario.png\",\"contentUrl\":\"https:\\\/\\\/wilisafrotour.com\\\/wp-content\\\/uploads\\\/2021\\\/09\\\/Cholon-islas-del-rosario.png\",\"width\":679,\"height\":504,\"caption\":\"Chol\u00f3n islas del rosario\"},{\"@type\":\"BreadcrumbList\",\"@id\":\"https:\\\/\\\/wilisafrotour.com\\\/producto\\\/isla-cholon\\\/#breadcrumb\",\"itemListElement\":[{\"@type\":\"ListItem\",\"position\":1,\"name\":\"Home\",\"item\":\"https:\\\/\\\/wilisafrotour.com\\\/\"},{\"@type\":\"ListItem\",\"position\":2,\"name\":\"Tienda\",\"item\":\"https:\\\/\\\/wilisafrotour.com\\\/tienda\\\/\"},{\"@type\":\"ListItem\",\"position\":3,\"name\":\"Isla Cholon\"}]},{\"@type\":\"WebSite\",\"@id\":\"https:\\\/\\\/wilisafrotour.com\\\/#website\",\"url\":\"https:\\\/\\\/wilisafrotour.com\\\/\",\"name\":\"Travels por el caribe\",\"description\":\"Agencia de turismo en Cartagena\",\"publisher\":{\"@id\":\"https:\\\/\\\/wilisafrotour.com\\\/#organization\"},\"potentialAction\":[{\"@type\":\"SearchAction\",\"target\":{\"@type\":\"EntryPoint\",\"urlTemplate\":\"https:\\\/\\\/wilisafrotour.com\\\/?s={search_term_string}\"},\"query-input\":{\"@type\":\"PropertyValueSpecification\",\"valueRequired\":true,\"valueName\":\"search_term_string\"}}],\"inLanguage\":\"en-US\"},{\"@type\":\"Organization\",\"@id\":\"https:\\\/\\\/wilisafrotour.com\\\/#organization\",\"name\":\"Travels por el caribe\",\"url\":\"https:\\\/\\\/wilisafrotour.com\\\/\",\"logo\":{\"@type\":\"ImageObject\",\"inLanguage\":\"en-US\",\"@id\":\"https:\\\/\\\/wilisafrotour.com\\\/#\\\/schema\\\/logo\\\/image\\\/\",\"url\":\"https:\\\/\\\/wilisafrotour.com\\\/wp-content\\\/uploads\\\/2025\\\/06\\\/LOGO-WILIS-TOUR-1.jpg\",\"contentUrl\":\"https:\\\/\\\/wilisafrotour.com\\\/wp-content\\\/uploads\\\/2025\\\/06\\\/LOGO-WILIS-TOUR-1.jpg\",\"width\":150,\"height\":150,\"caption\":\"Travels por el caribe\"},\"image\":{\"@id\":\"https:\\\/\\\/wilisafrotour.com\\\/#\\\/schema\\\/logo\\\/image\\\/\"}}]}<\/script>\n<!-- \/ Yoast SEO plugin. -->","yoast_head_json":{"title":"Chol\u00f3n isla baru | en bote deportivo | salidas todos los dias","description":"Pasadias a chol\u00f3n en bote deportivo. Disfrutas de las mejor fiestas en el pasadia a chol\u00f3n vive una experiencia unica en embarcaciones de lujo","robots":{"index":"index","follow":"follow","max-snippet":"max-snippet:-1","max-image-preview":"max-image-preview:large","max-video-preview":"max-video-preview:-1"},"canonical":"https:\/\/wilisafrotour.com\/en\/producto\/isla-cholon\/","og_locale":"en_US","og_type":"article","og_title":"Chol\u00f3n isla baru | en bote deportivo | salidas todos los dias","og_description":"Pasadias a chol\u00f3n en bote deportivo. Disfrutas de las mejor fiestas en el pasadia a chol\u00f3n vive una experiencia unica en embarcaciones de lujo","og_url":"https:\/\/wilisafrotour.com\/en\/producto\/isla-cholon\/","og_site_name":"Wilis Afro Tour","article_modified_time":"2025-12-11T04:40:30+00:00","og_image":[{"width":679,"height":504,"url":"https:\/\/wilisafrotour.com\/wp-content\/uploads\/2021\/09\/Cholon-islas-del-rosario.png","type":"image\/png"}],"twitter_card":"summary_large_image","twitter_misc":{"Est. reading time":"2 minutes"},"schema":{"@context":"https:\/\/schema.org","@graph":[{"@type":"WebPage","@id":"https:\/\/wilisafrotour.com\/producto\/isla-cholon\/","url":"https:\/\/wilisafrotour.com\/producto\/isla-cholon\/","name":"Chol\u00f3n isla baru | en bote deportivo | salidas todos los dias","isPartOf":{"@id":"https:\/\/wilisafrotour.com\/#website"},"primaryImageOfPage":{"@id":"https:\/\/wilisafrotour.com\/producto\/isla-cholon\/#primaryimage"},"image":{"@id":"https:\/\/wilisafrotour.com\/producto\/isla-cholon\/#primaryimage"},"thumbnailUrl":"https:\/\/wilisafrotour.com\/wp-content\/uploads\/2021\/09\/Cholon-islas-del-rosario.png","datePublished":"2021-09-25T14:46:11+00:00","dateModified":"2025-12-11T04:40:30+00:00","description":"Pasadias a chol\u00f3n en bote deportivo. Disfrutas de las mejor fiestas en el pasadia a chol\u00f3n vive una experiencia unica en embarcaciones de lujo","breadcrumb":{"@id":"https:\/\/wilisafrotour.com\/producto\/isla-cholon\/#breadcrumb"},"inLanguage":"en-US","potentialAction":[{"@type":"ReadAction","target":["https:\/\/wilisafrotour.com\/producto\/isla-cholon\/"]}]},{"@type":"ImageObject","inLanguage":"en-US","@id":"https:\/\/wilisafrotour.com\/producto\/isla-cholon\/#primaryimage","url":"https:\/\/wilisafrotour.com\/wp-content\/uploads\/2021\/09\/Cholon-islas-del-rosario.png","contentUrl":"https:\/\/wilisafrotour.com\/wp-content\/uploads\/2021\/09\/Cholon-islas-del-rosario.png","width":679,"height":504,"caption":"Chol\u00f3n islas del rosario"},{"@type":"BreadcrumbList","@id":"https:\/\/wilisafrotour.com\/producto\/isla-cholon\/#breadcrumb","itemListElement":[{"@type":"ListItem","position":1,"name":"Home","item":"https:\/\/wilisafrotour.com\/"},{"@type":"ListItem","position":2,"name":"Tienda","item":"https:\/\/wilisafrotour.com\/tienda\/"},{"@type":"ListItem","position":3,"name":"Isla Cholon"}]},{"@type":"WebSite","@id":"https:\/\/wilisafrotour.com\/#website","url":"https:\/\/wilisafrotour.com\/","name":"Travels por el caribe","description":"Tourism agency in Cartagena","publisher":{"@id":"https:\/\/wilisafrotour.com\/#organization"},"potentialAction":[{"@type":"SearchAction","target":{"@type":"EntryPoint","urlTemplate":"https:\/\/wilisafrotour.com\/?s={search_term_string}"},"query-input":{"@type":"PropertyValueSpecification","valueRequired":true,"valueName":"search_term_string"}}],"inLanguage":"en-US"},{"@type":"Organization","@id":"https:\/\/wilisafrotour.com\/#organization","name":"Travels por el caribe","url":"https:\/\/wilisafrotour.com\/","logo":{"@type":"ImageObject","inLanguage":"en-US","@id":"https:\/\/wilisafrotour.com\/#\/schema\/logo\/image\/","url":"https:\/\/wilisafrotour.com\/wp-content\/uploads\/2025\/06\/LOGO-WILIS-TOUR-1.jpg","contentUrl":"https:\/\/wilisafrotour.com\/wp-content\/uploads\/2025\/06\/LOGO-WILIS-TOUR-1.jpg","width":150,"height":150,"caption":"Travels por el caribe"},"image":{"@id":"https:\/\/wilisafrotour.com\/#\/schema\/logo\/image\/"}}]}},"_links":{"self":[{"href":"https:\/\/wilisafrotour.com\/en\/wp-json\/wp\/v2\/product\/151","targetHints":{"allow":["GET"]}}],"collection":[{"href":"https:\/\/wilisafrotour.com\/en\/wp-json\/wp\/v2\/product"}],"about":[{"href":"https:\/\/wilisafrotour.com\/en\/wp-json\/wp\/v2\/types\/product"}],"replies":[{"embeddable":true,"href":"https:\/\/wilisafrotour.com\/en\/wp-json\/wp\/v2\/comments?post=151"}],"wp:featuredmedia":[{"embeddable":true,"href":"https:\/\/wilisafrotour.com\/en\/wp-json\/wp\/v2\/media\/153"}],"wp:attachment":[{"href":"https:\/\/wilisafrotour.com\/en\/wp-json\/wp\/v2\/media?parent=151"}],"wp:term":[{"taxonomy":"product_brand","embeddable":true,"href":"https:\/\/wilisafrotour.com\/en\/wp-json\/wp\/v2\/product_brand?post=151"},{"taxonomy":"product_cat","embeddable":true,"href":"https:\/\/wilisafrotour.com\/en\/wp-json\/wp\/v2\/product_cat?post=151"},{"taxonomy":"product_tag","embeddable":true,"href":"https:\/\/wilisafrotour.com\/en\/wp-json\/wp\/v2\/product_tag?post=151"}],"curies":[{"name":"wp","href":"https:\/\/api.w.org\/{rel}","templated":true}]}}