{"id":131,"date":"2021-09-25T00:34:15","date_gmt":"2021-09-25T05:34:15","guid":{"rendered":"https:\/\/paraisoreal.com.co\/?post_type=product&#038;p=131"},"modified":"2025-12-28T17:06:59","modified_gmt":"2025-12-28T22:06:59","slug":"hotel-isla-palma","status":"publish","type":"product","link":"https:\/\/wilisafrotour.com\/en\/producto\/hotel-isla-palma\/","title":{"rendered":"Palma Island Hotel"},"content":{"rendered":"<p><span style=\"color: #000000;\">The Hotel\u00a0<strong>Palma island<\/strong> is a true Colombian treasure where the best of all worlds are combined: good food, accommodation, easy access, and a unique and first-class wildlife and marine experience and experience, for bird watchers, divers, naturalists, a beautiful experience in this natural reserve, crystal clear sea, a variety of fish, birds and endemic species of Colombia.<\/span><\/p>\n<h5><span style=\"color: #000000;\">Hotel Isla palma<\/span><\/h5>\n<p><span style=\"color: #000000;\">It is ultimately a supreme natural site with exceptional appeal.<\/span><\/p>\n<p><span style=\"color: #000000;\">El hotel Isla Palma est\u00e1 rodeado de playas ex\u00f3ticas, arrecifes coralinos, flamingos rosa y manglares con una inmensa variedad de fauna, flora continental y marina.<\/span><\/p>\n<p><span style=\"color: #000000;\">Quien ama la naturaleza y disfruta a plenitud de los c\u00e1lidos aromas del mar, mezclados con la jungla caribe\u00f1a, encontrara en este peque\u00f1o y encantador para\u00edso su destino preferido.<\/span><\/p>\n<ul>\n<li><span style=\"color: #339966;\"><a style=\"color: #339966;\" href=\"https:\/\/wilisafrotour.com\/en\/categoria-producto\/alquiler-de-botes-deportivos-en-cartagena\/\">Alquiler de lanchas deportivas para paseos a las islas<\/a><\/span><\/li>\n<\/ul>\n<p><span style=\"color: #000000;\">It is a fantasy for rest and enjoyment of marine nature with its white sand beaches, its crystal clear and refreshing waters, swamps, mangroves and exuberant vegetation, where pink flamingos, parrots, irises, turkeys, cranes, deer share space. , turtles, monkeys among other species in their natural habitat.<\/span><\/p>\n<p><span style=\"color: #000000;\">Disfruta de la playa de arena blanca y agua turquesa ideal para pr\u00e1cticas de snorkeling por sus paisajes submarinos la cual recomendamos no olvides en traer tu propio KIT<\/span><\/p>\n<p><span style=\"color: #000000;\">Visita el BioParque donde vivir\u00e1s una caminata educativa, aprendiendo sobre la Tortuga Carey, variedad de mangle y sus funciones en el ecosistema. Y muchas m\u00e1s especies que en \u00e9l habitan. (Recorrido de 45 min) no es obligatorio tomarlo.<\/span><\/p>\n<p><span style=\"color: #000000;\"><strong>HORARIOS:<\/strong><\/span><\/p>\n<ul>\n<li><span style=\"color: #000000;\"><strong>Salida:\u00a0<\/strong><\/span><\/li>\n<\/ul>\n<p><span style=\"color: #000000;\">Recogida en el hotel hasta el Muelle de la Bodeguita Zona Centro a las 6:05 am Bocagrande a las 6:00 am.<\/span><\/p>\n<ul>\n<li><span style=\"color: #000000;\"><strong>Retorno a Cartagena<\/strong><\/span><\/li>\n<\/ul>\n<p><span style=\"color: #000000;\">La salida del hotel sera de 2:30 a 3:00 pm (seg\u00fan condiciones clim\u00e1ticas) de la isla para regresar a Cartagena 5:00 pm llegando al muelle de la Bodeguita, dando fin al servicio.<\/span><\/p>\n<h6 style=\"text-align: center;\"><span style=\"color: #000000;\">El recorrido tiene una duraci\u00f3n de aprox. 2 h<\/span><\/h6>\n<p><span style=\"color: #000000;\"><strong>INCLUDES<\/strong><\/span><\/p>\n<ul>\n<li><span style=\"color: #000000;\">Traslado ida y vuelta en lancha \u2013\u00a0 <strong>Palma Island Hotel<\/strong><\/span><\/li>\n<li><span style=\"color: #000000;\">Snack antes del embarque<\/span><\/li>\n<li><span style=\"color: #000000;\">Coctel Bienvenida en el hotel<\/span><\/li>\n<li><span style=\"color: #000000;\">Almuerzo Gourmet: Opci\u00f3n de una prote\u00edna (carne, pollo o pescado), acompa\u00f1antes, barra de ensalada, jugo y postre t\u00edpico<\/span><\/li>\n<li><span style=\"color: #000000;\">Sillas asoleadoras<\/span><\/li>\n<li><span style=\"color: #000000;\">Camas balinesas<\/span><\/li>\n<li><span style=\"color: #000000;\">Excepcional zona privada de playa\u00a0<\/span><\/li>\n<li><span style=\"color: #000000;\">Piscina \u2013 Jacuzzi<\/span><\/li>\n<li><span style=\"color: #000000;\">Conexi\u00f3n Wifi\u00a0<\/span><\/li>\n<li><span style=\"color: #000000;\">Seguro de Viaje<\/span><\/li>\n<li><span style=\"color: #000000;\">Gu\u00eda abordo<\/span><\/li>\n<\/ul>\n<p><span style=\"color: #000000;\"><strong>NOT INCLUDE<\/strong><\/span><\/p>\n<ul>\n<li><span style=\"color: #000000;\">Impuesto muelle (29.000)<\/span><\/li>\n<li><span style=\"color: #000000;\">Alimentos y bebidas no especificados en el plan<\/span><\/li>\n<\/ul>\n<h5><span style=\"color: #000000;\">PARA TENER EN CUENTA<\/span><\/h5>\n<ul>\n<li><span style=\"color: #000000;\">Nuestro servicio est\u00e1 sujeto a condiciones clim\u00e1ticas y\/o mandatos de las autoridades mar\u00edtimas del momento.<\/span><\/li>\n<li><span style=\"color: #000000;\">Las cancelaciones del servicio deber\u00e1n ser solicitadas con 72 horas o m\u00e1s de anticipaci\u00f3n al d\u00eda del viaje, recuperando el 100% de devoluci\u00f3n. (fuera de ese rango de tiempo no aplican devoluciones).<\/span><\/li>\n<li><span style=\"color: #000000;\">Todo ni\u00f1o mayor de 3 a\u00f1os paga tarifa y debe ir acompa\u00f1ado por un adulto.<\/span><\/li>\n<li><span style=\"color: #000000;\">Si el pasajero no esta a tiempo en el momento de la recogida, se tomara como NO show y perder\u00e1 su reserva.<\/span><\/li>\n<li><span style=\"color: #000000;\">Esta prohibido el ingreso de alimentos , bebidas y equipos de sonido, que afecten la tranquilidad de la operaci\u00f3n.<\/span><\/li>\n<li><span style=\"color: #000000;\">Nos reservamos el derecho de admisi\u00f3n a personas que atenten contra el normal desarrollo\/operaci\u00f3n y seguridad del viaje.<\/span><\/li>\n<\/ul>\n<h5><span style=\"color: #000000;\"><strong>BOOK YOUR SPACE NOW !!<\/strong><\/span><\/h5>","protected":false},"excerpt":{"rendered":"<p><span style=\"color: #000000;\">You can book with 30%, the rest you cancel at the time of the activity using this coupon ( <span style=\"color: #ff0000;\">Reserva <\/span>).\u00a0<\/span><\/p>","protected":false},"featured_media":1308,"comment_status":"open","ping_status":"closed","template":"","meta":{"_joinchat":[]},"product_brand":[],"product_cat":[18,51],"product_tag":[],"class_list":{"0":"post-131","1":"product","2":"type-product","3":"status-publish","4":"has-post-thumbnail","6":"product_cat-islas-del-rosario","7":"product_cat-islas-san-bernardo","9":"first","10":"instock","11":"virtual","12":"purchasable","13":"product-type-simple"},"yoast_head":"<!-- This site is optimized with the Yoast SEO plugin v27.3 - https:\/\/yoast.com\/product\/yoast-seo-wordpress\/ -->\n<title>Hotel Isla Palma | Un paseo inolvidable | salidas desde cartagena<\/title>\n<meta name=\"description\" content=\"Hotel Isla Palma es un verdadero tesoro colombiano, Es en definitiva un sitio natural supremo con sus playas de arena blanca y sus aguas cristalinas\" \/>\n<meta name=\"robots\" content=\"index, follow, max-snippet:-1, max-image-preview:large, max-video-preview:-1\" \/>\n<link rel=\"canonical\" href=\"https:\/\/wilisafrotour.com\/en\/producto\/hotel-isla-palma\/\" \/>\n<meta property=\"og:locale\" content=\"en_US\" \/>\n<meta property=\"og:type\" content=\"article\" \/>\n<meta property=\"og:title\" content=\"Hotel Isla Palma | Un paseo inolvidable | salidas desde cartagena\" \/>\n<meta property=\"og:description\" content=\"Hotel Isla Palma es un verdadero tesoro colombiano, Es en definitiva un sitio natural supremo con sus playas de arena blanca y sus aguas cristalinas\" \/>\n<meta property=\"og:url\" content=\"https:\/\/wilisafrotour.com\/en\/producto\/hotel-isla-palma\/\" \/>\n<meta property=\"og:site_name\" content=\"Wilis Afro Tour\" \/>\n<meta property=\"article:modified_time\" content=\"2025-12-28T22:06:59+00:00\" \/>\n<meta property=\"og:image\" content=\"https:\/\/wilisafrotour.com\/wp-content\/uploads\/2022\/04\/hotel-isla-palma.jpg\" \/>\n\t<meta property=\"og:image:width\" content=\"800\" \/>\n\t<meta property=\"og:image:height\" content=\"600\" \/>\n\t<meta property=\"og:image:type\" content=\"image\/jpeg\" \/>\n<meta name=\"twitter:card\" content=\"summary_large_image\" \/>\n<meta name=\"twitter:label1\" content=\"Est. reading time\" \/>\n\t<meta name=\"twitter:data1\" content=\"3 minutes\" \/>\n<script type=\"application\/ld+json\" class=\"yoast-schema-graph\">{\"@context\":\"https:\\\/\\\/schema.org\",\"@graph\":[{\"@type\":\"WebPage\",\"@id\":\"https:\\\/\\\/wilisafrotour.com\\\/producto\\\/hotel-isla-palma\\\/\",\"url\":\"https:\\\/\\\/wilisafrotour.com\\\/producto\\\/hotel-isla-palma\\\/\",\"name\":\"Hotel Isla Palma | Un paseo inolvidable | salidas desde cartagena\",\"isPartOf\":{\"@id\":\"https:\\\/\\\/wilisafrotour.com\\\/#website\"},\"primaryImageOfPage\":{\"@id\":\"https:\\\/\\\/wilisafrotour.com\\\/producto\\\/hotel-isla-palma\\\/#primaryimage\"},\"image\":{\"@id\":\"https:\\\/\\\/wilisafrotour.com\\\/producto\\\/hotel-isla-palma\\\/#primaryimage\"},\"thumbnailUrl\":\"https:\\\/\\\/wilisafrotour.com\\\/wp-content\\\/uploads\\\/2022\\\/04\\\/hotel-isla-palma.jpg\",\"datePublished\":\"2021-09-25T05:34:15+00:00\",\"dateModified\":\"2025-12-28T22:06:59+00:00\",\"description\":\"Hotel Isla Palma es un verdadero tesoro colombiano, Es en definitiva un sitio natural supremo con sus playas de arena blanca y sus aguas cristalinas\",\"breadcrumb\":{\"@id\":\"https:\\\/\\\/wilisafrotour.com\\\/producto\\\/hotel-isla-palma\\\/#breadcrumb\"},\"inLanguage\":\"en-US\",\"potentialAction\":[{\"@type\":\"ReadAction\",\"target\":[\"https:\\\/\\\/wilisafrotour.com\\\/producto\\\/hotel-isla-palma\\\/\"]}]},{\"@type\":\"ImageObject\",\"inLanguage\":\"en-US\",\"@id\":\"https:\\\/\\\/wilisafrotour.com\\\/producto\\\/hotel-isla-palma\\\/#primaryimage\",\"url\":\"https:\\\/\\\/wilisafrotour.com\\\/wp-content\\\/uploads\\\/2022\\\/04\\\/hotel-isla-palma.jpg\",\"contentUrl\":\"https:\\\/\\\/wilisafrotour.com\\\/wp-content\\\/uploads\\\/2022\\\/04\\\/hotel-isla-palma.jpg\",\"width\":800,\"height\":600,\"caption\":\"hotel isla palma\"},{\"@type\":\"BreadcrumbList\",\"@id\":\"https:\\\/\\\/wilisafrotour.com\\\/producto\\\/hotel-isla-palma\\\/#breadcrumb\",\"itemListElement\":[{\"@type\":\"ListItem\",\"position\":1,\"name\":\"Home\",\"item\":\"https:\\\/\\\/wilisafrotour.com\\\/\"},{\"@type\":\"ListItem\",\"position\":2,\"name\":\"Tienda\",\"item\":\"https:\\\/\\\/wilisafrotour.com\\\/tienda\\\/\"},{\"@type\":\"ListItem\",\"position\":3,\"name\":\"Hotel Isla Palma\"}]},{\"@type\":\"WebSite\",\"@id\":\"https:\\\/\\\/wilisafrotour.com\\\/#website\",\"url\":\"https:\\\/\\\/wilisafrotour.com\\\/\",\"name\":\"Travels por el caribe\",\"description\":\"Agencia de turismo en Cartagena\",\"publisher\":{\"@id\":\"https:\\\/\\\/wilisafrotour.com\\\/#organization\"},\"potentialAction\":[{\"@type\":\"SearchAction\",\"target\":{\"@type\":\"EntryPoint\",\"urlTemplate\":\"https:\\\/\\\/wilisafrotour.com\\\/?s={search_term_string}\"},\"query-input\":{\"@type\":\"PropertyValueSpecification\",\"valueRequired\":true,\"valueName\":\"search_term_string\"}}],\"inLanguage\":\"en-US\"},{\"@type\":\"Organization\",\"@id\":\"https:\\\/\\\/wilisafrotour.com\\\/#organization\",\"name\":\"Travels por el caribe\",\"url\":\"https:\\\/\\\/wilisafrotour.com\\\/\",\"logo\":{\"@type\":\"ImageObject\",\"inLanguage\":\"en-US\",\"@id\":\"https:\\\/\\\/wilisafrotour.com\\\/#\\\/schema\\\/logo\\\/image\\\/\",\"url\":\"https:\\\/\\\/wilisafrotour.com\\\/wp-content\\\/uploads\\\/2025\\\/06\\\/LOGO-WILIS-TOUR-1.jpg\",\"contentUrl\":\"https:\\\/\\\/wilisafrotour.com\\\/wp-content\\\/uploads\\\/2025\\\/06\\\/LOGO-WILIS-TOUR-1.jpg\",\"width\":150,\"height\":150,\"caption\":\"Travels por el caribe\"},\"image\":{\"@id\":\"https:\\\/\\\/wilisafrotour.com\\\/#\\\/schema\\\/logo\\\/image\\\/\"}}]}<\/script>\n<!-- \/ Yoast SEO plugin. -->","yoast_head_json":{"title":"Hotel Isla Palma | Un paseo inolvidable | salidas desde cartagena","description":"Hotel Isla Palma es un verdadero tesoro colombiano, Es en definitiva un sitio natural supremo con sus playas de arena blanca y sus aguas cristalinas","robots":{"index":"index","follow":"follow","max-snippet":"max-snippet:-1","max-image-preview":"max-image-preview:large","max-video-preview":"max-video-preview:-1"},"canonical":"https:\/\/wilisafrotour.com\/en\/producto\/hotel-isla-palma\/","og_locale":"en_US","og_type":"article","og_title":"Hotel Isla Palma | Un paseo inolvidable | salidas desde cartagena","og_description":"Hotel Isla Palma es un verdadero tesoro colombiano, Es en definitiva un sitio natural supremo con sus playas de arena blanca y sus aguas cristalinas","og_url":"https:\/\/wilisafrotour.com\/en\/producto\/hotel-isla-palma\/","og_site_name":"Wilis Afro Tour","article_modified_time":"2025-12-28T22:06:59+00:00","og_image":[{"width":800,"height":600,"url":"https:\/\/wilisafrotour.com\/wp-content\/uploads\/2022\/04\/hotel-isla-palma.jpg","type":"image\/jpeg"}],"twitter_card":"summary_large_image","twitter_misc":{"Est. reading time":"3 minutes"},"schema":{"@context":"https:\/\/schema.org","@graph":[{"@type":"WebPage","@id":"https:\/\/wilisafrotour.com\/producto\/hotel-isla-palma\/","url":"https:\/\/wilisafrotour.com\/producto\/hotel-isla-palma\/","name":"Hotel Isla Palma | Un paseo inolvidable | salidas desde cartagena","isPartOf":{"@id":"https:\/\/wilisafrotour.com\/#website"},"primaryImageOfPage":{"@id":"https:\/\/wilisafrotour.com\/producto\/hotel-isla-palma\/#primaryimage"},"image":{"@id":"https:\/\/wilisafrotour.com\/producto\/hotel-isla-palma\/#primaryimage"},"thumbnailUrl":"https:\/\/wilisafrotour.com\/wp-content\/uploads\/2022\/04\/hotel-isla-palma.jpg","datePublished":"2021-09-25T05:34:15+00:00","dateModified":"2025-12-28T22:06:59+00:00","description":"Hotel Isla Palma es un verdadero tesoro colombiano, Es en definitiva un sitio natural supremo con sus playas de arena blanca y sus aguas cristalinas","breadcrumb":{"@id":"https:\/\/wilisafrotour.com\/producto\/hotel-isla-palma\/#breadcrumb"},"inLanguage":"en-US","potentialAction":[{"@type":"ReadAction","target":["https:\/\/wilisafrotour.com\/producto\/hotel-isla-palma\/"]}]},{"@type":"ImageObject","inLanguage":"en-US","@id":"https:\/\/wilisafrotour.com\/producto\/hotel-isla-palma\/#primaryimage","url":"https:\/\/wilisafrotour.com\/wp-content\/uploads\/2022\/04\/hotel-isla-palma.jpg","contentUrl":"https:\/\/wilisafrotour.com\/wp-content\/uploads\/2022\/04\/hotel-isla-palma.jpg","width":800,"height":600,"caption":"hotel isla palma"},{"@type":"BreadcrumbList","@id":"https:\/\/wilisafrotour.com\/producto\/hotel-isla-palma\/#breadcrumb","itemListElement":[{"@type":"ListItem","position":1,"name":"Home","item":"https:\/\/wilisafrotour.com\/"},{"@type":"ListItem","position":2,"name":"Tienda","item":"https:\/\/wilisafrotour.com\/tienda\/"},{"@type":"ListItem","position":3,"name":"Hotel Isla Palma"}]},{"@type":"WebSite","@id":"https:\/\/wilisafrotour.com\/#website","url":"https:\/\/wilisafrotour.com\/","name":"Travels por el caribe","description":"Tourism agency in Cartagena","publisher":{"@id":"https:\/\/wilisafrotour.com\/#organization"},"potentialAction":[{"@type":"SearchAction","target":{"@type":"EntryPoint","urlTemplate":"https:\/\/wilisafrotour.com\/?s={search_term_string}"},"query-input":{"@type":"PropertyValueSpecification","valueRequired":true,"valueName":"search_term_string"}}],"inLanguage":"en-US"},{"@type":"Organization","@id":"https:\/\/wilisafrotour.com\/#organization","name":"Travels por el caribe","url":"https:\/\/wilisafrotour.com\/","logo":{"@type":"ImageObject","inLanguage":"en-US","@id":"https:\/\/wilisafrotour.com\/#\/schema\/logo\/image\/","url":"https:\/\/wilisafrotour.com\/wp-content\/uploads\/2025\/06\/LOGO-WILIS-TOUR-1.jpg","contentUrl":"https:\/\/wilisafrotour.com\/wp-content\/uploads\/2025\/06\/LOGO-WILIS-TOUR-1.jpg","width":150,"height":150,"caption":"Travels por el caribe"},"image":{"@id":"https:\/\/wilisafrotour.com\/#\/schema\/logo\/image\/"}}]}},"_links":{"self":[{"href":"https:\/\/wilisafrotour.com\/en\/wp-json\/wp\/v2\/product\/131","targetHints":{"allow":["GET"]}}],"collection":[{"href":"https:\/\/wilisafrotour.com\/en\/wp-json\/wp\/v2\/product"}],"about":[{"href":"https:\/\/wilisafrotour.com\/en\/wp-json\/wp\/v2\/types\/product"}],"replies":[{"embeddable":true,"href":"https:\/\/wilisafrotour.com\/en\/wp-json\/wp\/v2\/comments?post=131"}],"wp:featuredmedia":[{"embeddable":true,"href":"https:\/\/wilisafrotour.com\/en\/wp-json\/wp\/v2\/media\/1308"}],"wp:attachment":[{"href":"https:\/\/wilisafrotour.com\/en\/wp-json\/wp\/v2\/media?parent=131"}],"wp:term":[{"taxonomy":"product_brand","embeddable":true,"href":"https:\/\/wilisafrotour.com\/en\/wp-json\/wp\/v2\/product_brand?post=131"},{"taxonomy":"product_cat","embeddable":true,"href":"https:\/\/wilisafrotour.com\/en\/wp-json\/wp\/v2\/product_cat?post=131"},{"taxonomy":"product_tag","embeddable":true,"href":"https:\/\/wilisafrotour.com\/en\/wp-json\/wp\/v2\/product_tag?post=131"}],"curies":[{"name":"wp","href":"https:\/\/api.w.org\/{rel}","templated":true}]}}