{"id":121,"date":"2021-09-24T17:49:10","date_gmt":"2021-09-24T22:49:10","guid":{"rendered":"https:\/\/paraisoreal.com.co\/?post_type=product&#038;p=121"},"modified":"2025-12-28T17:04:18","modified_gmt":"2025-12-28T22:04:18","slug":"bora-bora-beach-house","status":"publish","type":"product","link":"https:\/\/wilisafrotour.com\/en\/producto\/bora-bora-beach-house\/","title":{"rendered":"Bora Bora Beach Vip"},"content":{"rendered":"<p><span style=\"color: #000000;\"><strong>Bora Bora Beach Vip <\/strong>the best beach club in las <strong>Rosario Islands<\/strong>, the group's new product aimed at its most exclusive customers. A space conceived with every detail in mind to offer a unique experience in <strong>Rosario Islands.<\/strong><\/span><\/p>\n<p><span style=\"color: #000000;\">An incredible place with limited places, high-level cuisine and our customary first-rate service in an atmosphere of relaxation and enjoyment with Balearic rhythms, deep house, chill out among others.<\/span><\/p>\n<p><span style=\"color: #000000;\">Lounge area with air conditioning, sunbathing, personalized service and priority boarding at the pier.<\/span><\/p>\n<ul>\n<li><span style=\"color: #339966;\"><a style=\"color: #339966;\" href=\"https:\/\/wilisafrotour.com\/en\/categoria-producto\/botes\/\">Rent a private sports boat to visit Bora Bora Beach Vip with your friends<\/a><\/span><\/li>\n<\/ul>\n<p><span style=\"color: #000000;\">The pass at <strong>Bora Bora Beach Vip <\/strong>tiene un precio de venta al p\u00fablico de $490.000 por persona y es \u00fanicamente para mayores de 18 a\u00f1os.<\/span><\/p>\n<h5 style=\"text-align: center;\"><span style=\"color: #000000;\"><strong>Bora Bora Beach A true Caribbean beach club<\/strong><\/span><\/h5>\n<p><span style=\"color: #000000;\"><strong>INCLUDES<\/strong>:<\/span><\/p>\n<ul>\n<li><span style=\"color: #000000;\">Round trip transportation to the island<\/span><\/li>\n<li><span style=\"color: #000000;\">Special welcome cocktail<\/span><\/li>\n<li><span style=\"color: #000000;\">Lunch: Bora Bora Paella, Seafood Pasta, Frutti Di Mare Risotto, Typical Cartagenero Dish (Fish), Grilled Chicken Breast or Vegetarian Dish)<\/span><\/li>\n<li><span style=\"color: #000000;\">Cabin (beach bed)<\/span><\/li>\n<li><span style=\"color: #000000;\">Access to facilities<\/span><\/li>\n<\/ul>\n<p><span style=\"color: #000000;\"><strong>NOT INCLUDE <\/strong><\/span><\/p>\n<ul>\n<li><span style=\"color: #000000;\">Impuesto del muelle $29.000 COP. (sujeto a cambios por temporada)<\/span><\/li>\n<li><span style=\"color: #000000;\">Cabana (beach bed) in the first row facing the sea<\/span><\/li>\n<li><span style=\"color: #000000;\">Other additional consumptions<\/span><\/li>\n<\/ul>\n<p><span style=\"color: #000000;\"><strong>OPTIONAL<\/strong><\/span><\/p>\n<ul>\n<li><span style=\"color: #000000;\">Reserva una cama frente al mar en primera fila. Contamos con 21 camas\u00a0 en el Area VIP de las cuales hay s\u00f3lo 10 frente al mar en cada lado. Brindamos la opci\u00f3n de reservarlas por un costo adicional de 100.000 pesos por cama, para un m\u00e1ximo de 4 personas<\/span><\/li>\n<\/ul>\n<p><span style=\"color: #000000;\">Salimos todos los d\u00edas de la semana. Los clientes deben estar a las 7:20 am en la puerta #3 de La Bodeguita. Zarpamos a las 8:00 am aproximadamente.<\/span><br \/>\n<span style=\"color: #000000;\">The journey takes 45 minutes. At 3 pm we leave the island back and we are at the dock again at 4 pm approx.<\/span><\/p>\n<h5><span style=\"color: #000000;\"><strong>PASSAGE SERVICE CONDITIONS<\/strong><\/span><\/h5>\n<ul>\n<li><span style=\"color: #000000;\">No pets allowed<\/span><\/li>\n<li><span style=\"color: #000000;\">For logistical reasons we do not go to the <span style=\"color: #339966;\">Oceanarium<\/span> nor do we offer Snorkel<\/span><\/li>\n<li><span style=\"color: #000000;\">Reservation is guaranteed until 8:20 am<\/span><\/li>\n<li><span style=\"color: #000000;\">Los clientes deben presentarse a las 7:20 am en la puerta #3 del Muelle La Bodeguita.<\/span><\/li>\n<li><span style=\"color: #000000;\">Deben llevar en efectivo el monto de la tasa portuaria de $29.000 pesos por persona, no incluidos en el precio del pasad\u00eda<\/span><\/li>\n<\/ul>\n<h5 style=\"text-align: center;\"><span style=\"color: #000000;\"><strong>Any questions we are here to serve you.<\/strong><\/span><\/h5>\n<h5 style=\"text-align: center;\"><span style=\"color: #339966;\"><a style=\"color: #339966;\" href=\"https:\/\/wilisafrotour.com\/en\/categoria-producto\/bora-bora\/\"><strong>BORA BORA GROUP<\/strong><\/a><\/span><\/h5>\n<h5><span style=\"color: #000000;\"><strong>BOOK YOUR SPACE NOW !!<\/strong><\/span><\/h5>","protected":false},"excerpt":{"rendered":"<p><span style=\"color: #000000;\">Due to island policies, to guarantee reservations, 100% of the pass must be paid (\u00a0<a href=\"https:\/\/travelsporelcaribe.com\/wp-content\/uploads\/2022\/08\/politicas-de-reserva-bora-bora.jpeg\" target=\"_blank\" rel=\"noopener\"><span style=\"color: #ff0000;\">see the statement here<\/span><\/a>\u00a0)<\/span><\/p>","protected":false},"featured_media":1074,"comment_status":"open","ping_status":"closed","template":"","meta":{"_joinchat":[]},"product_brand":[],"product_cat":[47,18,49],"product_tag":[],"class_list":{"0":"post-121","1":"product","2":"type-product","3":"status-publish","4":"has-post-thumbnail","6":"product_cat-bora-bora","7":"product_cat-islas-del-rosario","8":"product_cat-islas-del-rosario-2","10":"first","11":"instock","12":"virtual","13":"purchasable","14":"product-type-simple"},"yoast_head":"<!-- This site is optimized with the Yoast SEO plugin v27.3 - https:\/\/yoast.com\/product\/yoast-seo-wordpress\/ -->\n<title>Bora Bora Beach Vip | El mejor club de playa | en las Islas del rosario<\/title>\n<meta name=\"description\" content=\"Bora Bora Beach Vipel mejor club de playa en las islas del rosario, Bora Bora Beach Vip cuenta con areas con aire acondicionado, camas asoleadoras..\" \/>\n<meta name=\"robots\" content=\"index, follow, max-snippet:-1, max-image-preview:large, max-video-preview:-1\" \/>\n<link rel=\"canonical\" href=\"https:\/\/wilisafrotour.com\/en\/producto\/bora-bora-beach-house\/\" \/>\n<meta property=\"og:locale\" content=\"en_US\" \/>\n<meta property=\"og:type\" content=\"article\" \/>\n<meta property=\"og:title\" content=\"Bora Bora Beach Vip | El mejor club de playa | en las Islas del rosario\" \/>\n<meta property=\"og:description\" content=\"Bora Bora Beach Vipel mejor club de playa en las islas del rosario, Bora Bora Beach Vip cuenta con areas con aire acondicionado, camas asoleadoras..\" \/>\n<meta property=\"og:url\" content=\"https:\/\/wilisafrotour.com\/en\/producto\/bora-bora-beach-house\/\" \/>\n<meta property=\"og:site_name\" content=\"Wilis Afro Tour\" \/>\n<meta property=\"article:modified_time\" content=\"2025-12-28T22:04:18+00:00\" \/>\n<meta property=\"og:image\" content=\"https:\/\/wilisafrotour.com\/wp-content\/uploads\/2022\/03\/Bora-Bora-beach-un-verdadero-club-de-playa.jpg\" \/>\n\t<meta property=\"og:image:width\" content=\"800\" \/>\n\t<meta property=\"og:image:height\" content=\"600\" \/>\n\t<meta property=\"og:image:type\" content=\"image\/jpeg\" \/>\n<meta name=\"twitter:card\" content=\"summary_large_image\" \/>\n<meta name=\"twitter:label1\" content=\"Est. reading time\" \/>\n\t<meta name=\"twitter:data1\" content=\"2 minutes\" \/>\n<script type=\"application\/ld+json\" class=\"yoast-schema-graph\">{\"@context\":\"https:\\\/\\\/schema.org\",\"@graph\":[{\"@type\":\"WebPage\",\"@id\":\"https:\\\/\\\/wilisafrotour.com\\\/producto\\\/bora-bora-beach-house\\\/\",\"url\":\"https:\\\/\\\/wilisafrotour.com\\\/producto\\\/bora-bora-beach-house\\\/\",\"name\":\"Bora Bora Beach Vip | El mejor club de playa | en las Islas del rosario\",\"isPartOf\":{\"@id\":\"https:\\\/\\\/wilisafrotour.com\\\/#website\"},\"primaryImageOfPage\":{\"@id\":\"https:\\\/\\\/wilisafrotour.com\\\/producto\\\/bora-bora-beach-house\\\/#primaryimage\"},\"image\":{\"@id\":\"https:\\\/\\\/wilisafrotour.com\\\/producto\\\/bora-bora-beach-house\\\/#primaryimage\"},\"thumbnailUrl\":\"https:\\\/\\\/wilisafrotour.com\\\/wp-content\\\/uploads\\\/2022\\\/03\\\/Bora-Bora-beach-un-verdadero-club-de-playa.jpg\",\"datePublished\":\"2021-09-24T22:49:10+00:00\",\"dateModified\":\"2025-12-28T22:04:18+00:00\",\"description\":\"Bora Bora Beach Vipel mejor club de playa en las islas del rosario, Bora Bora Beach Vip cuenta con areas con aire acondicionado, camas asoleadoras..\",\"breadcrumb\":{\"@id\":\"https:\\\/\\\/wilisafrotour.com\\\/producto\\\/bora-bora-beach-house\\\/#breadcrumb\"},\"inLanguage\":\"en-US\",\"potentialAction\":[{\"@type\":\"ReadAction\",\"target\":[\"https:\\\/\\\/wilisafrotour.com\\\/producto\\\/bora-bora-beach-house\\\/\"]}]},{\"@type\":\"ImageObject\",\"inLanguage\":\"en-US\",\"@id\":\"https:\\\/\\\/wilisafrotour.com\\\/producto\\\/bora-bora-beach-house\\\/#primaryimage\",\"url\":\"https:\\\/\\\/wilisafrotour.com\\\/wp-content\\\/uploads\\\/2022\\\/03\\\/Bora-Bora-beach-un-verdadero-club-de-playa.jpg\",\"contentUrl\":\"https:\\\/\\\/wilisafrotour.com\\\/wp-content\\\/uploads\\\/2022\\\/03\\\/Bora-Bora-beach-un-verdadero-club-de-playa.jpg\",\"width\":800,\"height\":600,\"caption\":\"bora bora beach vip\"},{\"@type\":\"BreadcrumbList\",\"@id\":\"https:\\\/\\\/wilisafrotour.com\\\/producto\\\/bora-bora-beach-house\\\/#breadcrumb\",\"itemListElement\":[{\"@type\":\"ListItem\",\"position\":1,\"name\":\"Home\",\"item\":\"https:\\\/\\\/wilisafrotour.com\\\/\"},{\"@type\":\"ListItem\",\"position\":2,\"name\":\"Tienda\",\"item\":\"https:\\\/\\\/wilisafrotour.com\\\/tienda\\\/\"},{\"@type\":\"ListItem\",\"position\":3,\"name\":\"Bora Bora Beach Vip\"}]},{\"@type\":\"WebSite\",\"@id\":\"https:\\\/\\\/wilisafrotour.com\\\/#website\",\"url\":\"https:\\\/\\\/wilisafrotour.com\\\/\",\"name\":\"Travels por el caribe\",\"description\":\"Agencia de turismo en Cartagena\",\"publisher\":{\"@id\":\"https:\\\/\\\/wilisafrotour.com\\\/#organization\"},\"potentialAction\":[{\"@type\":\"SearchAction\",\"target\":{\"@type\":\"EntryPoint\",\"urlTemplate\":\"https:\\\/\\\/wilisafrotour.com\\\/?s={search_term_string}\"},\"query-input\":{\"@type\":\"PropertyValueSpecification\",\"valueRequired\":true,\"valueName\":\"search_term_string\"}}],\"inLanguage\":\"en-US\"},{\"@type\":\"Organization\",\"@id\":\"https:\\\/\\\/wilisafrotour.com\\\/#organization\",\"name\":\"Travels por el caribe\",\"url\":\"https:\\\/\\\/wilisafrotour.com\\\/\",\"logo\":{\"@type\":\"ImageObject\",\"inLanguage\":\"en-US\",\"@id\":\"https:\\\/\\\/wilisafrotour.com\\\/#\\\/schema\\\/logo\\\/image\\\/\",\"url\":\"https:\\\/\\\/wilisafrotour.com\\\/wp-content\\\/uploads\\\/2025\\\/06\\\/LOGO-WILIS-TOUR-1.jpg\",\"contentUrl\":\"https:\\\/\\\/wilisafrotour.com\\\/wp-content\\\/uploads\\\/2025\\\/06\\\/LOGO-WILIS-TOUR-1.jpg\",\"width\":150,\"height\":150,\"caption\":\"Travels por el caribe\"},\"image\":{\"@id\":\"https:\\\/\\\/wilisafrotour.com\\\/#\\\/schema\\\/logo\\\/image\\\/\"}}]}<\/script>\n<!-- \/ Yoast SEO plugin. -->","yoast_head_json":{"title":"Bora Bora Beach Vip | El mejor club de playa | en las Islas del rosario","description":"Bora Bora Beach Vipel mejor club de playa en las islas del rosario, Bora Bora Beach Vip cuenta con areas con aire acondicionado, camas asoleadoras..","robots":{"index":"index","follow":"follow","max-snippet":"max-snippet:-1","max-image-preview":"max-image-preview:large","max-video-preview":"max-video-preview:-1"},"canonical":"https:\/\/wilisafrotour.com\/en\/producto\/bora-bora-beach-house\/","og_locale":"en_US","og_type":"article","og_title":"Bora Bora Beach Vip | El mejor club de playa | en las Islas del rosario","og_description":"Bora Bora Beach Vipel mejor club de playa en las islas del rosario, Bora Bora Beach Vip cuenta con areas con aire acondicionado, camas asoleadoras..","og_url":"https:\/\/wilisafrotour.com\/en\/producto\/bora-bora-beach-house\/","og_site_name":"Wilis Afro Tour","article_modified_time":"2025-12-28T22:04:18+00:00","og_image":[{"width":800,"height":600,"url":"https:\/\/wilisafrotour.com\/wp-content\/uploads\/2022\/03\/Bora-Bora-beach-un-verdadero-club-de-playa.jpg","type":"image\/jpeg"}],"twitter_card":"summary_large_image","twitter_misc":{"Est. reading time":"2 minutes"},"schema":{"@context":"https:\/\/schema.org","@graph":[{"@type":"WebPage","@id":"https:\/\/wilisafrotour.com\/producto\/bora-bora-beach-house\/","url":"https:\/\/wilisafrotour.com\/producto\/bora-bora-beach-house\/","name":"Bora Bora Beach Vip | El mejor club de playa | en las Islas del rosario","isPartOf":{"@id":"https:\/\/wilisafrotour.com\/#website"},"primaryImageOfPage":{"@id":"https:\/\/wilisafrotour.com\/producto\/bora-bora-beach-house\/#primaryimage"},"image":{"@id":"https:\/\/wilisafrotour.com\/producto\/bora-bora-beach-house\/#primaryimage"},"thumbnailUrl":"https:\/\/wilisafrotour.com\/wp-content\/uploads\/2022\/03\/Bora-Bora-beach-un-verdadero-club-de-playa.jpg","datePublished":"2021-09-24T22:49:10+00:00","dateModified":"2025-12-28T22:04:18+00:00","description":"Bora Bora Beach Vipel mejor club de playa en las islas del rosario, Bora Bora Beach Vip cuenta con areas con aire acondicionado, camas asoleadoras..","breadcrumb":{"@id":"https:\/\/wilisafrotour.com\/producto\/bora-bora-beach-house\/#breadcrumb"},"inLanguage":"en-US","potentialAction":[{"@type":"ReadAction","target":["https:\/\/wilisafrotour.com\/producto\/bora-bora-beach-house\/"]}]},{"@type":"ImageObject","inLanguage":"en-US","@id":"https:\/\/wilisafrotour.com\/producto\/bora-bora-beach-house\/#primaryimage","url":"https:\/\/wilisafrotour.com\/wp-content\/uploads\/2022\/03\/Bora-Bora-beach-un-verdadero-club-de-playa.jpg","contentUrl":"https:\/\/wilisafrotour.com\/wp-content\/uploads\/2022\/03\/Bora-Bora-beach-un-verdadero-club-de-playa.jpg","width":800,"height":600,"caption":"bora bora beach vip"},{"@type":"BreadcrumbList","@id":"https:\/\/wilisafrotour.com\/producto\/bora-bora-beach-house\/#breadcrumb","itemListElement":[{"@type":"ListItem","position":1,"name":"Home","item":"https:\/\/wilisafrotour.com\/"},{"@type":"ListItem","position":2,"name":"Tienda","item":"https:\/\/wilisafrotour.com\/tienda\/"},{"@type":"ListItem","position":3,"name":"Bora Bora Beach Vip"}]},{"@type":"WebSite","@id":"https:\/\/wilisafrotour.com\/#website","url":"https:\/\/wilisafrotour.com\/","name":"Travels por el caribe","description":"Tourism agency in Cartagena","publisher":{"@id":"https:\/\/wilisafrotour.com\/#organization"},"potentialAction":[{"@type":"SearchAction","target":{"@type":"EntryPoint","urlTemplate":"https:\/\/wilisafrotour.com\/?s={search_term_string}"},"query-input":{"@type":"PropertyValueSpecification","valueRequired":true,"valueName":"search_term_string"}}],"inLanguage":"en-US"},{"@type":"Organization","@id":"https:\/\/wilisafrotour.com\/#organization","name":"Travels por el caribe","url":"https:\/\/wilisafrotour.com\/","logo":{"@type":"ImageObject","inLanguage":"en-US","@id":"https:\/\/wilisafrotour.com\/#\/schema\/logo\/image\/","url":"https:\/\/wilisafrotour.com\/wp-content\/uploads\/2025\/06\/LOGO-WILIS-TOUR-1.jpg","contentUrl":"https:\/\/wilisafrotour.com\/wp-content\/uploads\/2025\/06\/LOGO-WILIS-TOUR-1.jpg","width":150,"height":150,"caption":"Travels por el caribe"},"image":{"@id":"https:\/\/wilisafrotour.com\/#\/schema\/logo\/image\/"}}]}},"_links":{"self":[{"href":"https:\/\/wilisafrotour.com\/en\/wp-json\/wp\/v2\/product\/121","targetHints":{"allow":["GET"]}}],"collection":[{"href":"https:\/\/wilisafrotour.com\/en\/wp-json\/wp\/v2\/product"}],"about":[{"href":"https:\/\/wilisafrotour.com\/en\/wp-json\/wp\/v2\/types\/product"}],"replies":[{"embeddable":true,"href":"https:\/\/wilisafrotour.com\/en\/wp-json\/wp\/v2\/comments?post=121"}],"wp:featuredmedia":[{"embeddable":true,"href":"https:\/\/wilisafrotour.com\/en\/wp-json\/wp\/v2\/media\/1074"}],"wp:attachment":[{"href":"https:\/\/wilisafrotour.com\/en\/wp-json\/wp\/v2\/media?parent=121"}],"wp:term":[{"taxonomy":"product_brand","embeddable":true,"href":"https:\/\/wilisafrotour.com\/en\/wp-json\/wp\/v2\/product_brand?post=121"},{"taxonomy":"product_cat","embeddable":true,"href":"https:\/\/wilisafrotour.com\/en\/wp-json\/wp\/v2\/product_cat?post=121"},{"taxonomy":"product_tag","embeddable":true,"href":"https:\/\/wilisafrotour.com\/en\/wp-json\/wp\/v2\/product_tag?post=121"}],"curies":[{"name":"wp","href":"https:\/\/api.w.org\/{rel}","templated":true}]}}