{"id":19,"date":"2021-09-20T15:38:29","date_gmt":"2021-09-20T20:38:29","guid":{"rendered":"https:\/\/paraisoreal.com.co\/terms-and-conditions\/"},"modified":"2021-10-02T23:34:35","modified_gmt":"2021-10-03T04:34:35","slug":"terminos-y-condiciones","status":"publish","type":"page","link":"https:\/\/wilisafrotour.com\/en\/terminos-y-condiciones\/","title":{"rendered":"Terms and Conditions"},"content":{"rendered":"<ul class=\"wp-block-list\"><li><span class=\"has-inline-color has-black-color\">Nuestro servicio est\u00e1 sujeto a condiciones clim\u00e1ticas y\/o mandatos de las autoridades mar\u00edtimas del momento.<\/span><\/li><li><span class=\"has-inline-color has-black-color\">Las cancelaciones del servicio deber\u00e1n ser solicitadas con 7 d\u00edas o m\u00e1s de anticipaci\u00f3n al d\u00eda del viaje, recuperando el 100% de devoluci\u00f3n. (fuera de ese rango de tiempo no aplican devoluciones).<\/span><\/li><li><span class=\"has-inline-color has-black-color\">Todo ni\u00f1o mayor de 3 a\u00f1os paga tarifa y debe ir acompa\u00f1ado por un adulto<\/span><\/li><li><span class=\"has-inline-color has-black-color\">Si el pasajero no esta a tiempo en el momento de la recogida, se tomara como NO show y perder\u00e1 su reserva.<\/span><\/li><li><span class=\"has-inline-color has-black-color\">Nos reservamos el derecho de admisi\u00f3n a personas que atenten contra el normal desarrollo\/operaci\u00f3n y seguridad del viaje.<\/span><\/li><\/ul>","protected":false},"excerpt":{"rendered":"<p>Nuestro servicio est\u00e1 sujeto a condiciones clim\u00e1ticas y\/o mandatos de las autoridades mar\u00edtimas del momento. Las cancelaciones del servicio deber\u00e1n ser solicitadas con 7 d\u00edas o m\u00e1s de anticipaci\u00f3n al d\u00eda del viaje, recuperando el 100% de devoluci\u00f3n. (fuera de ese rango de tiempo no &hellip; <\/p>","protected":false},"author":4,"featured_media":0,"parent":0,"menu_order":0,"comment_status":"closed","ping_status":"closed","template":"","meta":{"_joinchat":[],"footnotes":""},"class_list":["post-19","page","type-page","status-publish","hentry"],"yoast_head":"<!-- This site is optimized with the Yoast SEO plugin v27.3 - https:\/\/yoast.com\/product\/yoast-seo-wordpress\/ -->\n<title>T\u00e9rminos y Condiciones | Wilis Afro Tour<\/title>\n<meta name=\"robots\" content=\"noindex, follow\" \/>\n<meta property=\"og:locale\" content=\"en_US\" \/>\n<meta property=\"og:type\" content=\"article\" \/>\n<meta property=\"og:title\" content=\"T\u00e9rminos y Condiciones | Wilis Afro Tour\" \/>\n<meta property=\"og:description\" content=\"Nuestro servicio est\u00e1 sujeto a condiciones clim\u00e1ticas y\/o mandatos de las autoridades mar\u00edtimas del momento. Las cancelaciones del servicio deber\u00e1n ser solicitadas con 7 d\u00edas o m\u00e1s de anticipaci\u00f3n al d\u00eda del viaje, recuperando el 100% de devoluci\u00f3n. (fuera de ese rango de tiempo no &hellip;\" \/>\n<meta property=\"og:url\" content=\"https:\/\/wilisafrotour.com\/en\/terminos-y-condiciones\/\" \/>\n<meta property=\"og:site_name\" content=\"Wilis Afro Tour\" \/>\n<meta property=\"article:modified_time\" content=\"2021-10-03T04:34:35+00:00\" \/>\n<meta name=\"twitter:card\" content=\"summary_large_image\" \/>\n<meta name=\"twitter:label1\" content=\"Est. reading time\" \/>\n\t<meta name=\"twitter:data1\" content=\"1 minute\" \/>\n<script type=\"application\/ld+json\" class=\"yoast-schema-graph\">{\"@context\":\"https:\\\/\\\/schema.org\",\"@graph\":[{\"@type\":\"WebPage\",\"@id\":\"https:\\\/\\\/wilisafrotour.com\\\/terminos-y-condiciones\\\/\",\"url\":\"https:\\\/\\\/wilisafrotour.com\\\/terminos-y-condiciones\\\/\",\"name\":\"T\u00e9rminos y Condiciones | Wilis Afro Tour\",\"isPartOf\":{\"@id\":\"https:\\\/\\\/wilisafrotour.com\\\/#website\"},\"datePublished\":\"2021-09-20T20:38:29+00:00\",\"dateModified\":\"2021-10-03T04:34:35+00:00\",\"breadcrumb\":{\"@id\":\"https:\\\/\\\/wilisafrotour.com\\\/terminos-y-condiciones\\\/#breadcrumb\"},\"inLanguage\":\"en-US\",\"potentialAction\":[{\"@type\":\"ReadAction\",\"target\":[\"https:\\\/\\\/wilisafrotour.com\\\/terminos-y-condiciones\\\/\"]}]},{\"@type\":\"BreadcrumbList\",\"@id\":\"https:\\\/\\\/wilisafrotour.com\\\/terminos-y-condiciones\\\/#breadcrumb\",\"itemListElement\":[{\"@type\":\"ListItem\",\"position\":1,\"name\":\"Home\",\"item\":\"https:\\\/\\\/wilisafrotour.com\\\/\"},{\"@type\":\"ListItem\",\"position\":2,\"name\":\"T\u00e9rminos y Condiciones\"}]},{\"@type\":\"WebSite\",\"@id\":\"https:\\\/\\\/wilisafrotour.com\\\/#website\",\"url\":\"https:\\\/\\\/wilisafrotour.com\\\/\",\"name\":\"Travels por el caribe\",\"description\":\"Agencia de turismo en Cartagena\",\"publisher\":{\"@id\":\"https:\\\/\\\/wilisafrotour.com\\\/#organization\"},\"potentialAction\":[{\"@type\":\"SearchAction\",\"target\":{\"@type\":\"EntryPoint\",\"urlTemplate\":\"https:\\\/\\\/wilisafrotour.com\\\/?s={search_term_string}\"},\"query-input\":{\"@type\":\"PropertyValueSpecification\",\"valueRequired\":true,\"valueName\":\"search_term_string\"}}],\"inLanguage\":\"en-US\"},{\"@type\":\"Organization\",\"@id\":\"https:\\\/\\\/wilisafrotour.com\\\/#organization\",\"name\":\"Travels por el caribe\",\"url\":\"https:\\\/\\\/wilisafrotour.com\\\/\",\"logo\":{\"@type\":\"ImageObject\",\"inLanguage\":\"en-US\",\"@id\":\"https:\\\/\\\/wilisafrotour.com\\\/#\\\/schema\\\/logo\\\/image\\\/\",\"url\":\"https:\\\/\\\/wilisafrotour.com\\\/wp-content\\\/uploads\\\/2025\\\/06\\\/LOGO-WILIS-TOUR-1.jpg\",\"contentUrl\":\"https:\\\/\\\/wilisafrotour.com\\\/wp-content\\\/uploads\\\/2025\\\/06\\\/LOGO-WILIS-TOUR-1.jpg\",\"width\":150,\"height\":150,\"caption\":\"Travels por el caribe\"},\"image\":{\"@id\":\"https:\\\/\\\/wilisafrotour.com\\\/#\\\/schema\\\/logo\\\/image\\\/\"}}]}<\/script>\n<!-- \/ Yoast SEO plugin. -->","yoast_head_json":{"title":"T\u00e9rminos y Condiciones | Wilis Afro Tour","robots":{"index":"noindex","follow":"follow"},"og_locale":"en_US","og_type":"article","og_title":"T\u00e9rminos y Condiciones | Wilis Afro Tour","og_description":"Nuestro servicio est\u00e1 sujeto a condiciones clim\u00e1ticas y\/o mandatos de las autoridades mar\u00edtimas del momento. Las cancelaciones del servicio deber\u00e1n ser solicitadas con 7 d\u00edas o m\u00e1s de anticipaci\u00f3n al d\u00eda del viaje, recuperando el 100% de devoluci\u00f3n. (fuera de ese rango de tiempo no &hellip;","og_url":"https:\/\/wilisafrotour.com\/en\/terminos-y-condiciones\/","og_site_name":"Wilis Afro Tour","article_modified_time":"2021-10-03T04:34:35+00:00","twitter_card":"summary_large_image","twitter_misc":{"Est. reading time":"1 minute"},"schema":{"@context":"https:\/\/schema.org","@graph":[{"@type":"WebPage","@id":"https:\/\/wilisafrotour.com\/terminos-y-condiciones\/","url":"https:\/\/wilisafrotour.com\/terminos-y-condiciones\/","name":"T\u00e9rminos y Condiciones | Wilis Afro Tour","isPartOf":{"@id":"https:\/\/wilisafrotour.com\/#website"},"datePublished":"2021-09-20T20:38:29+00:00","dateModified":"2021-10-03T04:34:35+00:00","breadcrumb":{"@id":"https:\/\/wilisafrotour.com\/terminos-y-condiciones\/#breadcrumb"},"inLanguage":"en-US","potentialAction":[{"@type":"ReadAction","target":["https:\/\/wilisafrotour.com\/terminos-y-condiciones\/"]}]},{"@type":"BreadcrumbList","@id":"https:\/\/wilisafrotour.com\/terminos-y-condiciones\/#breadcrumb","itemListElement":[{"@type":"ListItem","position":1,"name":"Home","item":"https:\/\/wilisafrotour.com\/"},{"@type":"ListItem","position":2,"name":"T\u00e9rminos y Condiciones"}]},{"@type":"WebSite","@id":"https:\/\/wilisafrotour.com\/#website","url":"https:\/\/wilisafrotour.com\/","name":"Travels por el caribe","description":"Tourism agency in Cartagena","publisher":{"@id":"https:\/\/wilisafrotour.com\/#organization"},"potentialAction":[{"@type":"SearchAction","target":{"@type":"EntryPoint","urlTemplate":"https:\/\/wilisafrotour.com\/?s={search_term_string}"},"query-input":{"@type":"PropertyValueSpecification","valueRequired":true,"valueName":"search_term_string"}}],"inLanguage":"en-US"},{"@type":"Organization","@id":"https:\/\/wilisafrotour.com\/#organization","name":"Travels por el caribe","url":"https:\/\/wilisafrotour.com\/","logo":{"@type":"ImageObject","inLanguage":"en-US","@id":"https:\/\/wilisafrotour.com\/#\/schema\/logo\/image\/","url":"https:\/\/wilisafrotour.com\/wp-content\/uploads\/2025\/06\/LOGO-WILIS-TOUR-1.jpg","contentUrl":"https:\/\/wilisafrotour.com\/wp-content\/uploads\/2025\/06\/LOGO-WILIS-TOUR-1.jpg","width":150,"height":150,"caption":"Travels por el caribe"},"image":{"@id":"https:\/\/wilisafrotour.com\/#\/schema\/logo\/image\/"}}]}},"_links":{"self":[{"href":"https:\/\/wilisafrotour.com\/en\/wp-json\/wp\/v2\/pages\/19","targetHints":{"allow":["GET"]}}],"collection":[{"href":"https:\/\/wilisafrotour.com\/en\/wp-json\/wp\/v2\/pages"}],"about":[{"href":"https:\/\/wilisafrotour.com\/en\/wp-json\/wp\/v2\/types\/page"}],"author":[{"embeddable":true,"href":"https:\/\/wilisafrotour.com\/en\/wp-json\/wp\/v2\/users\/4"}],"replies":[{"embeddable":true,"href":"https:\/\/wilisafrotour.com\/en\/wp-json\/wp\/v2\/comments?post=19"}],"version-history":[{"count":0,"href":"https:\/\/wilisafrotour.com\/en\/wp-json\/wp\/v2\/pages\/19\/revisions"}],"wp:attachment":[{"href":"https:\/\/wilisafrotour.com\/en\/wp-json\/wp\/v2\/media?parent=19"}],"curies":[{"name":"wp","href":"https:\/\/api.w.org\/{rel}","templated":true}]}}